{"id":729,"date":"2025-03-25T11:42:33","date_gmt":"2025-03-25T10:42:33","guid":{"rendered":"http:\/\/enquetecitoyenneavallonnais.fr\/?page_id=729"},"modified":"2025-04-24T16:41:36","modified_gmt":"2025-04-24T14:41:36","slug":"trail-cours-pour-garder-ta-ligne","status":"publish","type":"page","link":"https:\/\/enquetecitoyenneavallonnais.fr\/index.php\/trail-cours-pour-garder-ta-ligne\/","title":{"rendered":"Trail-Cours pour garder ta ligne !"},"content":{"rendered":"\n<h2 class=\"has-text-align-center wp-block-heading\">du 1er au 3 mai 2025<\/h2>\n\n\n\n<figure class=\"wp-block-image size-large\"><img loading=\"lazy\" decoding=\"async\" width=\"724\" height=\"1024\" src=\"https:\/\/enquetecitoyenneavallonnais.fr\/wp-content\/uploads\/2025\/04\/affiche-trail_morvan-724x1024.jpg\" alt=\"\" class=\"wp-image-751\" srcset=\"https:\/\/enquetecitoyenneavallonnais.fr\/wp-content\/uploads\/2025\/04\/affiche-trail_morvan-724x1024.jpg 724w, https:\/\/enquetecitoyenneavallonnais.fr\/wp-content\/uploads\/2025\/04\/affiche-trail_morvan-212x300.jpg 212w, https:\/\/enquetecitoyenneavallonnais.fr\/wp-content\/uploads\/2025\/04\/affiche-trail_morvan-768x1086.jpg 768w, https:\/\/enquetecitoyenneavallonnais.fr\/wp-content\/uploads\/2025\/04\/affiche-trail_morvan-1087x1536.jpg 1087w, https:\/\/enquetecitoyenneavallonnais.fr\/wp-content\/uploads\/2025\/04\/affiche-trail_morvan-1200x1696.jpg 1200w, https:\/\/enquetecitoyenneavallonnais.fr\/wp-content\/uploads\/2025\/04\/affiche-trail_morvan.jpg 1240w\" sizes=\"auto, (max-width: 724px) 100vw, 724px\" \/><\/figure>\n\n\n\n<p><a rel=\"noreferrer noopener\" href=\"https:\/\/www.facebook.com\/search\/top?q=trail%20evasion%20corbigny\" target=\"_blank\">Trail Evasion Corbigny<\/a> se mobilise pour d\u00e9fendre nos petites lignes du Morvan !<br>Des coureurs parcourront en relais, jour et nuit, le trajet de Corbigny \u00e0 Paris-Bercy avant de reprendre le train du retour le 3 mai \u00e0 10h30.<br><strong><span style=\"color:#20a0d7\" class=\"has-inline-color\">Participez au d\u00e9fi !<\/span><\/strong><br>Encouragez-les, accompagnez-les \u00e0 pied ou \u00e0 v\u00e9lo, et partagez ce moment convivial<\/p>\n\n\n\n<div class=\"wp-block-file\"><a href=\"https:\/\/enquetecitoyenneavallonnais.fr\/wp-content\/uploads\/2025\/03\/flyer-RV-cours-pour-garder-ta-ligne.pdf\">flyer-RV-cours-pour-garder-ta-ligne<\/a><a href=\"https:\/\/enquetecitoyenneavallonnais.fr\/wp-content\/uploads\/2025\/03\/flyer-RV-cours-pour-garder-ta-ligne.pdf\" class=\"wp-block-file__button\" download>Download<\/a><\/div>\n\n\n\n<p><br><strong><span class=\"has-inline-color has-accent-color\">Plusieurs rendez-vous le 1er mai<\/span> <\/strong><\/p>\n\n\n\n<ul class=\"wp-block-list\"><li>Rendez vous \u00e0 partir de 8h30 &#8211; CORBIGNY (gare) : Top d\u00e9part \u00e0 9h30, avec la batucada Big Bang<\/li><li>A partir de 12h30: CLAMECY (port): Pause ravitaillement des trailers, possibilit\u00e9 de boire et de restaurer pour tout le monde au stand de l&#8217;Association Solidarit\u00e9 Migrants du Haut Nivernais<\/li><li>13h50 CRAIN (canal) : Encouragements <\/li><li>16h &#8211; CHATEL-CENSOIR (gare) : Go\u00fbter<\/li><li>19h AUXERRE (parc de l&#8217;arbre sec) : Pique-nique partag\u00e9, avec la participation de l&#8217;UFC Que choisir ?<\/li><li>23h30 LAROCHE-MIGENNES : soutien au passage du trail, avec l&#8217;UFC Que choisir ?<\/li><\/ul>\n\n\n\n<figure class=\"wp-block-image size-large\"><img loading=\"lazy\" decoding=\"async\" width=\"1024\" height=\"842\" src=\"https:\/\/enquetecitoyenneavallonnais.fr\/wp-content\/uploads\/2025\/04\/etapes_trail-1024x842.jpg\" alt=\"\" class=\"wp-image-748\" srcset=\"https:\/\/enquetecitoyenneavallonnais.fr\/wp-content\/uploads\/2025\/04\/etapes_trail-1024x842.jpg 1024w, https:\/\/enquetecitoyenneavallonnais.fr\/wp-content\/uploads\/2025\/04\/etapes_trail-300x247.jpg 300w, https:\/\/enquetecitoyenneavallonnais.fr\/wp-content\/uploads\/2025\/04\/etapes_trail-768x631.jpg 768w, https:\/\/enquetecitoyenneavallonnais.fr\/wp-content\/uploads\/2025\/04\/etapes_trail-1536x1262.jpg 1536w, https:\/\/enquetecitoyenneavallonnais.fr\/wp-content\/uploads\/2025\/04\/etapes_trail-1200x986.jpg 1200w, https:\/\/enquetecitoyenneavallonnais.fr\/wp-content\/uploads\/2025\/04\/etapes_trail.jpg 1600w\" sizes=\"auto, (max-width: 1024px) 100vw, 1024px\" \/><\/figure>\n\n\n\n<p><strong>Arriv\u00e9e \u00e0 Paris Bercy le 3 mai \u00e0 8h30<\/strong><\/p>\n\n\n\n<p>Accueil de l&#8217;\u00e9quipe des relayeurs et relayeuses avec Sud Rail<\/p>\n\n\n\n<p>D\u00e9part par le train de 10h30 pour Corbigny<\/p>\n\n\n\n<figure class=\"wp-block-image size-large\"><img loading=\"lazy\" decoding=\"async\" width=\"724\" height=\"1024\" src=\"https:\/\/enquetecitoyenneavallonnais.fr\/wp-content\/uploads\/2025\/04\/affiche-trail_Paris-724x1024.jpeg\" alt=\"\" class=\"wp-image-754\" srcset=\"https:\/\/enquetecitoyenneavallonnais.fr\/wp-content\/uploads\/2025\/04\/affiche-trail_Paris-724x1024.jpeg 724w, https:\/\/enquetecitoyenneavallonnais.fr\/wp-content\/uploads\/2025\/04\/affiche-trail_Paris-212x300.jpeg 212w, https:\/\/enquetecitoyenneavallonnais.fr\/wp-content\/uploads\/2025\/04\/affiche-trail_Paris-768x1086.jpeg 768w, https:\/\/enquetecitoyenneavallonnais.fr\/wp-content\/uploads\/2025\/04\/affiche-trail_Paris-1086x1536.jpeg 1086w, https:\/\/enquetecitoyenneavallonnais.fr\/wp-content\/uploads\/2025\/04\/affiche-trail_Paris.jpeg 1131w\" sizes=\"auto, (max-width: 724px) 100vw, 724px\" \/><\/figure>\n\n\n\n<p>Ensemble faisons bouger les lignes !<\/p>\n\n\n\n<div class=\"wp-block-file\"><a href=\"https:\/\/enquetecitoyenneavallonnais.fr\/wp-content\/uploads\/2025\/03\/Logo-1.pdf\">Slogan-1<\/a><a href=\"https:\/\/enquetecitoyenneavallonnais.fr\/wp-content\/uploads\/2025\/03\/Logo-1.pdf\" class=\"wp-block-file__button\" download>Download<\/a><\/div>\n\n\n\n<div class=\"wp-block-file\"><a href=\"https:\/\/enquetecitoyenneavallonnais.fr\/wp-content\/uploads\/2025\/03\/Logo-2.pdf\">Slogan-2<\/a><a href=\"https:\/\/enquetecitoyenneavallonnais.fr\/wp-content\/uploads\/2025\/03\/Logo-2.pdf\" class=\"wp-block-file__button\" download>Download<\/a><\/div>\n\n\n\n<div class=\"wp-block-file\"><a href=\"https:\/\/enquetecitoyenneavallonnais.fr\/wp-content\/uploads\/2025\/03\/Logo-3.pdf\">Slogan-3<\/a><a href=\"https:\/\/enquetecitoyenneavallonnais.fr\/wp-content\/uploads\/2025\/03\/Logo-3.pdf\" class=\"wp-block-file__button\" download>Download<\/a><\/div>\n\n\n\n<div class=\"wp-block-file\"><a href=\"https:\/\/enquetecitoyenneavallonnais.fr\/wp-content\/uploads\/2025\/03\/Logo-4.pdf\">slogan-4<\/a><a href=\"https:\/\/enquetecitoyenneavallonnais.fr\/wp-content\/uploads\/2025\/03\/Logo-4.pdf\" class=\"wp-block-file__button\" download>Download<\/a><\/div>\n\n\n\n<div class=\"wp-block-file\"><a href=\"https:\/\/enquetecitoyenneavallonnais.fr\/wp-content\/uploads\/2025\/03\/Logo-5.pdf\">slogan-5<\/a><a href=\"https:\/\/enquetecitoyenneavallonnais.fr\/wp-content\/uploads\/2025\/03\/Logo-5.pdf\" class=\"wp-block-file__button\" download>Download<\/a><\/div>\n","protected":false},"excerpt":{"rendered":"<p>du 1er au 3 mai 2025 Trail Evasion Corbigny se mobilise pour d\u00e9fendre nos petites lignes du Morvan !Des coureurs parcourront en relais, jour et nuit, le trajet de Corbigny \u00e0 Paris-Bercy avant de reprendre le train du retour le 3 mai \u00e0 10h30.Participez au d\u00e9fi !Encouragez-les, accompagnez-les \u00e0 pied ou \u00e0 v\u00e9lo, et partagez [&hellip;]<\/p>\n","protected":false},"author":1,"featured_media":0,"parent":0,"menu_order":0,"comment_status":"closed","ping_status":"closed","template":"","meta":{"footnotes":""},"class_list":["post-729","page","type-page","status-publish","hentry"],"_links":{"self":[{"href":"https:\/\/enquetecitoyenneavallonnais.fr\/index.php\/wp-json\/wp\/v2\/pages\/729","targetHints":{"allow":["GET"]}}],"collection":[{"href":"https:\/\/enquetecitoyenneavallonnais.fr\/index.php\/wp-json\/wp\/v2\/pages"}],"about":[{"href":"https:\/\/enquetecitoyenneavallonnais.fr\/index.php\/wp-json\/wp\/v2\/types\/page"}],"author":[{"embeddable":true,"href":"https:\/\/enquetecitoyenneavallonnais.fr\/index.php\/wp-json\/wp\/v2\/users\/1"}],"replies":[{"embeddable":true,"href":"https:\/\/enquetecitoyenneavallonnais.fr\/index.php\/wp-json\/wp\/v2\/comments?post=729"}],"version-history":[{"count":12,"href":"https:\/\/enquetecitoyenneavallonnais.fr\/index.php\/wp-json\/wp\/v2\/pages\/729\/revisions"}],"predecessor-version":[{"id":760,"href":"https:\/\/enquetecitoyenneavallonnais.fr\/index.php\/wp-json\/wp\/v2\/pages\/729\/revisions\/760"}],"wp:attachment":[{"href":"https:\/\/enquetecitoyenneavallonnais.fr\/index.php\/wp-json\/wp\/v2\/media?parent=729"}],"curies":[{"name":"wp","href":"https:\/\/api.w.org\/{rel}","templated":true}]}}