{"id":62,"date":"2021-06-07T17:53:16","date_gmt":"2021-06-07T15:53:16","guid":{"rendered":"http:\/\/enquetecitoyenneavallonnais.fr\/?page_id=62"},"modified":"2021-06-23T17:29:41","modified_gmt":"2021-06-23T15:29:41","slug":"j-sante","status":"publish","type":"page","link":"https:\/\/enquetecitoyenneavallonnais.fr\/index.php\/lenquete\/j-sante\/","title":{"rendered":"J &#8211; Sant\u00e9"},"content":{"rendered":"\t\t<div data-elementor-type=\"wp-page\" data-elementor-id=\"62\" class=\"elementor elementor-62\">\n\t\t\t\t\t\t\t\t\t<section class=\"elementor-section elementor-top-section elementor-element elementor-element-5f872339 elementor-section-full_width elementor-section-content-top elementor-section-height-default elementor-section-height-default\" data-id=\"5f872339\" data-element_type=\"section\" data-settings=\"{&quot;background_background&quot;:&quot;classic&quot;}\">\n\t\t\t\t\t\t<div class=\"elementor-container elementor-column-gap-default\">\n\t\t\t\t\t<div class=\"elementor-column elementor-col-100 elementor-top-column elementor-element elementor-element-7bd802a2\" data-id=\"7bd802a2\" data-element_type=\"column\">\n\t\t\t<div class=\"elementor-widget-wrap elementor-element-populated\">\n\t\t\t\t\t\t\t\t<div class=\"elementor-element elementor-element-3c4548d1 hfe-nav-menu__align-center hfe-submenu-icon-arrow hfe-submenu-animation-none hfe-link-redirect-child hfe-nav-menu__breakpoint-tablet elementor-widget elementor-widget-navigation-menu\" data-id=\"3c4548d1\" data-element_type=\"widget\" data-widget_type=\"navigation-menu.default\">\n\t\t\t\t<div class=\"elementor-widget-container\">\n\t\t\t\t\t\t<div class=\"hfe-nav-menu hfe-layout-horizontal hfe-nav-menu-layout horizontal hfe-pointer__none\" data-layout=\"horizontal\">\n\t\t\t\t<div class=\"hfe-nav-menu__toggle elementor-clickable\">\n\t\t\t\t\t<div class=\"hfe-nav-menu-icon\">\n\t\t\t\t\t\t<i aria-hidden=\"true\" tabindex=\"0\" class=\"fas fa-align-justify\"><\/i>\t\t\t\t\t<\/div>\n\t\t\t\t<\/div>\n\t\t\t\t<nav class=\"hfe-nav-menu__layout-horizontal hfe-nav-menu__submenu-arrow\" data-toggle-icon=\"&lt;i aria-hidden=&quot;true&quot; tabindex=&quot;0&quot; class=&quot;fas fa-align-justify&quot;&gt;&lt;\/i&gt;\" data-close-icon=\"&lt;i aria-hidden=&quot;true&quot; tabindex=&quot;0&quot; class=&quot;far fa-window-close&quot;&gt;&lt;\/i&gt;\" data-full-width=\"yes\"><ul id=\"menu-1-3c4548d1\" class=\"hfe-nav-menu\"><li id=\"menu-item-92\" class=\"menu-item menu-item-type-post_type menu-item-object-page parent hfe-creative-menu\"><a href=\"https:\/\/enquetecitoyenneavallonnais.fr\/index.php\/lenquete\/a-qui-a-repondu-a-lenquete\/\" class = \"hfe-menu-item\">A \u2013 Qui a r\u00e9pondu \u00e0 l\u2019enqu\u00eate<\/a><\/li>\n<li id=\"menu-item-91\" class=\"menu-item menu-item-type-post_type menu-item-object-page parent hfe-creative-menu\"><a href=\"https:\/\/enquetecitoyenneavallonnais.fr\/index.php\/lenquete\/b-le-ressenti-global\/\" class = \"hfe-menu-item\">B \u2013 Le ressenti global<\/a><\/li>\n<li id=\"menu-item-90\" class=\"menu-item menu-item-type-post_type menu-item-object-page parent hfe-creative-menu\"><a href=\"https:\/\/enquetecitoyenneavallonnais.fr\/index.php\/lenquete\/c-les-transports\/\" class = \"hfe-menu-item\">C \u2013 Les transports<\/a><\/li>\n<li id=\"menu-item-89\" class=\"menu-item menu-item-type-post_type menu-item-object-page parent hfe-creative-menu\"><a href=\"https:\/\/enquetecitoyenneavallonnais.fr\/index.php\/lenquete\/d-courses-et-alimentation\/\" class = \"hfe-menu-item\">D \u2013 Courses et alimentation<\/a><\/li>\n<li id=\"menu-item-88\" class=\"menu-item menu-item-type-post_type menu-item-object-page parent hfe-creative-menu\"><a href=\"https:\/\/enquetecitoyenneavallonnais.fr\/index.php\/lenquete\/e-logement\/\" class = \"hfe-menu-item\">E \u2013 Logement<\/a><\/li>\n<li id=\"menu-item-87\" class=\"menu-item menu-item-type-post_type menu-item-object-page parent hfe-creative-menu\"><a href=\"https:\/\/enquetecitoyenneavallonnais.fr\/index.php\/lenquete\/f-education\/\" class = \"hfe-menu-item\">F \u2013 \u00c9ducation<\/a><\/li>\n<li id=\"menu-item-86\" class=\"menu-item menu-item-type-post_type menu-item-object-page parent hfe-creative-menu\"><a href=\"https:\/\/enquetecitoyenneavallonnais.fr\/index.php\/lenquete\/g-telephonie-et-internet\/\" class = \"hfe-menu-item\">G \u2013 T\u00e9l\u00e9phonie et Internet<\/a><\/li>\n<li id=\"menu-item-85\" class=\"menu-item menu-item-type-post_type menu-item-object-page parent hfe-creative-menu\"><a href=\"https:\/\/enquetecitoyenneavallonnais.fr\/index.php\/lenquete\/h-loisirs\/\" class = \"hfe-menu-item\">H \u2013 Loisirs<\/a><\/li>\n<li id=\"menu-item-84\" class=\"menu-item menu-item-type-post_type menu-item-object-page parent hfe-creative-menu\"><a href=\"https:\/\/enquetecitoyenneavallonnais.fr\/index.php\/lenquete\/i-nature\/\" class = \"hfe-menu-item\">I \u2013 Nature<\/a><\/li>\n<li id=\"menu-item-83\" class=\"menu-item menu-item-type-post_type menu-item-object-page parent hfe-creative-menu\"><a href=\"https:\/\/enquetecitoyenneavallonnais.fr\/index.php\/lenquete\/j-sante\/\" class = \"hfe-menu-item\">J \u2013 Sant\u00e9<\/a><\/li>\n<li id=\"menu-item-82\" class=\"menu-item menu-item-type-post_type menu-item-object-page parent hfe-creative-menu\"><a href=\"https:\/\/enquetecitoyenneavallonnais.fr\/index.php\/lenquete\/k-elections\/\" class = \"hfe-menu-item\">K \u2013 \u00c9lections<\/a><\/li>\n<\/ul><\/nav>              \n\t\t\t<\/div>\n\t\t\t\t\t<\/div>\n\t\t\t\t<\/div>\n\t\t\t\t\t<\/div>\n\t\t<\/div>\n\t\t\t\t\t\t\t<\/div>\n\t\t<\/section>\n\t\t\t\t<section class=\"elementor-section elementor-top-section elementor-element elementor-element-34fd1f20 elementor-section-boxed elementor-section-height-default elementor-section-height-default\" data-id=\"34fd1f20\" data-element_type=\"section\">\n\t\t\t\t\t\t<div class=\"elementor-container elementor-column-gap-default\">\n\t\t\t\t\t<div class=\"elementor-column elementor-col-100 elementor-top-column elementor-element elementor-element-4146c14c\" data-id=\"4146c14c\" data-element_type=\"column\">\n\t\t\t<div class=\"elementor-widget-wrap elementor-element-populated\">\n\t\t\t\t\t\t\t\t<div class=\"elementor-element elementor-element-7c750893 elementor-widget elementor-widget-text-editor\" data-id=\"7c750893\" data-element_type=\"widget\" data-widget_type=\"text-editor.default\">\n\t\t\t\t<div class=\"elementor-widget-container\">\n\t\t\t\t\t\t\t<p>J &#8211; Sant\u00e9<\/p>\t\t\t\t\t\t<\/div>\n\t\t\t\t<\/div>\n\t\t\t\t<div class=\"elementor-element elementor-element-411ea7b6 elementor-widget elementor-widget-text-editor\" data-id=\"411ea7b6\" data-element_type=\"widget\" data-widget_type=\"text-editor.default\">\n\t\t\t\t<div class=\"elementor-widget-container\">\n\t\t\t\t\t\t\t<p>Sans surprise au vu des r\u00e9sultats obtenus aux questions qui portaient sur l\u2019appr\u00e9ciation globale du territoire, la sant\u00e9 est un sujet majeur d\u2019insatisfaction avec une note de 3,8 sur 10.<\/p><p>Pr\u00e8s de 80% des personnes ayant r\u00e9pondu \u00e0 l\u2019enqu\u00eate d\u00e9clarent avoir r\u00e9cemment eu besoin d\u2019un service de sant\u00e9 et avoir \u00e9t\u00e9 confront\u00e9es \u00e0 un manque d\u2019offre locale .<\/p>\t\t\t\t\t\t<\/div>\n\t\t\t\t<\/div>\n\t\t\t\t\t<\/div>\n\t\t<\/div>\n\t\t\t\t\t\t\t<\/div>\n\t\t<\/section>\n\t\t\t\t<section class=\"elementor-section elementor-top-section elementor-element elementor-element-3ea16a8 elementor-section-boxed elementor-section-height-default elementor-section-height-default\" data-id=\"3ea16a8\" data-element_type=\"section\">\n\t\t\t\t\t\t<div class=\"elementor-container elementor-column-gap-default\">\n\t\t\t\t\t<div class=\"elementor-column elementor-col-50 elementor-top-column elementor-element elementor-element-532bf32\" data-id=\"532bf32\" data-element_type=\"column\">\n\t\t\t<div class=\"elementor-widget-wrap elementor-element-populated\">\n\t\t\t\t\t\t\t\t<div class=\"elementor-element elementor-element-92f4ba6 elementor-widget elementor-widget-image\" data-id=\"92f4ba6\" data-element_type=\"widget\" data-widget_type=\"image.default\">\n\t\t\t\t<div class=\"elementor-widget-container\">\n\t\t\t\t\t\t\t\t\t\t\t\t\t\t\t<img loading=\"lazy\" decoding=\"async\" width=\"580\" height=\"445\" src=\"https:\/\/enquetecitoyenneavallonnais.fr\/wp-content\/uploads\/2021\/06\/38-1024x785.png\" class=\"attachment-large size-large\" alt=\"\" srcset=\"https:\/\/enquetecitoyenneavallonnais.fr\/wp-content\/uploads\/2021\/06\/38-1024x785.png 1024w, https:\/\/enquetecitoyenneavallonnais.fr\/wp-content\/uploads\/2021\/06\/38-300x230.png 300w, https:\/\/enquetecitoyenneavallonnais.fr\/wp-content\/uploads\/2021\/06\/38-768x589.png 768w, https:\/\/enquetecitoyenneavallonnais.fr\/wp-content\/uploads\/2021\/06\/38-1536x1178.png 1536w, https:\/\/enquetecitoyenneavallonnais.fr\/wp-content\/uploads\/2021\/06\/38-1200x920.png 1200w, https:\/\/enquetecitoyenneavallonnais.fr\/wp-content\/uploads\/2021\/06\/38.png 1545w\" sizes=\"auto, (max-width: 580px) 100vw, 580px\" \/>\t\t\t\t\t\t\t\t\t\t\t\t\t\t\t<\/div>\n\t\t\t\t<\/div>\n\t\t\t\t\t<\/div>\n\t\t<\/div>\n\t\t\t\t<div class=\"elementor-column elementor-col-50 elementor-top-column elementor-element elementor-element-525b330\" data-id=\"525b330\" data-element_type=\"column\">\n\t\t\t<div class=\"elementor-widget-wrap elementor-element-populated\">\n\t\t\t\t\t\t\t\t<div class=\"elementor-element elementor-element-c5147f6 elementor-widget elementor-widget-image\" data-id=\"c5147f6\" data-element_type=\"widget\" data-widget_type=\"image.default\">\n\t\t\t\t<div class=\"elementor-widget-container\">\n\t\t\t\t\t\t\t\t\t\t\t\t\t\t\t<img loading=\"lazy\" decoding=\"async\" width=\"580\" height=\"443\" src=\"https:\/\/enquetecitoyenneavallonnais.fr\/wp-content\/uploads\/2021\/06\/39-1024x783.png\" class=\"attachment-large size-large\" alt=\"\" srcset=\"https:\/\/enquetecitoyenneavallonnais.fr\/wp-content\/uploads\/2021\/06\/39-1024x783.png 1024w, https:\/\/enquetecitoyenneavallonnais.fr\/wp-content\/uploads\/2021\/06\/39-300x230.png 300w, https:\/\/enquetecitoyenneavallonnais.fr\/wp-content\/uploads\/2021\/06\/39-768x588.png 768w, https:\/\/enquetecitoyenneavallonnais.fr\/wp-content\/uploads\/2021\/06\/39-1536x1175.png 1536w, https:\/\/enquetecitoyenneavallonnais.fr\/wp-content\/uploads\/2021\/06\/39-1200x918.png 1200w, https:\/\/enquetecitoyenneavallonnais.fr\/wp-content\/uploads\/2021\/06\/39.png 1549w\" sizes=\"auto, (max-width: 580px) 100vw, 580px\" \/>\t\t\t\t\t\t\t\t\t\t\t\t\t\t\t<\/div>\n\t\t\t\t<\/div>\n\t\t\t\t\t<\/div>\n\t\t<\/div>\n\t\t\t\t\t\t\t<\/div>\n\t\t<\/section>\n\t\t\t\t<section class=\"elementor-section elementor-top-section elementor-element elementor-element-6400a7f2 elementor-section-boxed elementor-section-height-default elementor-section-height-default\" data-id=\"6400a7f2\" data-element_type=\"section\">\n\t\t\t\t\t\t<div class=\"elementor-container elementor-column-gap-default\">\n\t\t\t\t\t<div class=\"elementor-column elementor-col-100 elementor-top-column elementor-element elementor-element-693382c3\" data-id=\"693382c3\" data-element_type=\"column\">\n\t\t\t<div class=\"elementor-widget-wrap elementor-element-populated\">\n\t\t\t\t\t\t\t\t<div class=\"elementor-element elementor-element-6270e263 elementor-widget elementor-widget-text-editor\" data-id=\"6270e263\" data-element_type=\"widget\" data-widget_type=\"text-editor.default\">\n\t\t\t\t<div class=\"elementor-widget-container\">\n\t\t\t\t\t\t\t<p>Il est important de rappeler ici que les personnes ayant r\u00e9pondu \u00e0 l\u2019enqu\u00eate sont en moyenne plus jeunes que la population g\u00e9n\u00e9rale locale.\u00a0\u00a0<\/p><p>\u00a0<\/p><p>La principale critique porte sur la diversit\u00e9 de l\u2019offre (manque de sp\u00e9cialistes) mais l\u2019accessibilit\u00e9 et les d\u00e9lais de prise en charge sont \u00e9galement des motifs d\u2019insatisfaction.<\/p>\t\t\t\t\t\t<\/div>\n\t\t\t\t<\/div>\n\t\t\t\t\t<\/div>\n\t\t<\/div>\n\t\t\t\t\t\t\t<\/div>\n\t\t<\/section>\n\t\t\t\t<section class=\"elementor-section elementor-top-section elementor-element elementor-element-67b9faa0 elementor-section-boxed elementor-section-height-default elementor-section-height-default\" data-id=\"67b9faa0\" data-element_type=\"section\">\n\t\t\t\t\t\t<div class=\"elementor-container elementor-column-gap-default\">\n\t\t\t\t\t<div class=\"elementor-column elementor-col-100 elementor-top-column elementor-element elementor-element-5250de7b\" data-id=\"5250de7b\" data-element_type=\"column\">\n\t\t\t<div class=\"elementor-widget-wrap elementor-element-populated\">\n\t\t\t\t\t\t\t\t<div class=\"elementor-element elementor-element-50a43931 elementor-widget elementor-widget-image\" data-id=\"50a43931\" data-element_type=\"widget\" data-widget_type=\"image.default\">\n\t\t\t\t<div class=\"elementor-widget-container\">\n\t\t\t\t\t\t\t\t\t\t\t\t\t\t\t<img loading=\"lazy\" decoding=\"async\" width=\"1556\" height=\"1006\" src=\"https:\/\/enquetecitoyenneavallonnais.fr\/wp-content\/uploads\/2021\/06\/40.png\" class=\"attachment-full size-full\" alt=\"\" srcset=\"https:\/\/enquetecitoyenneavallonnais.fr\/wp-content\/uploads\/2021\/06\/40.png 1556w, https:\/\/enquetecitoyenneavallonnais.fr\/wp-content\/uploads\/2021\/06\/40-300x194.png 300w, https:\/\/enquetecitoyenneavallonnais.fr\/wp-content\/uploads\/2021\/06\/40-1024x662.png 1024w, https:\/\/enquetecitoyenneavallonnais.fr\/wp-content\/uploads\/2021\/06\/40-768x497.png 768w, https:\/\/enquetecitoyenneavallonnais.fr\/wp-content\/uploads\/2021\/06\/40-1536x993.png 1536w, https:\/\/enquetecitoyenneavallonnais.fr\/wp-content\/uploads\/2021\/06\/40-1200x776.png 1200w\" sizes=\"auto, (max-width: 1556px) 100vw, 1556px\" \/>\t\t\t\t\t\t\t\t\t\t\t\t\t\t\t<\/div>\n\t\t\t\t<\/div>\n\t\t\t\t\t<\/div>\n\t\t<\/div>\n\t\t\t\t\t\t\t<\/div>\n\t\t<\/section>\n\t\t\t\t<section class=\"elementor-section elementor-top-section elementor-element elementor-element-8fdad38 elementor-section-boxed elementor-section-height-default elementor-section-height-default\" data-id=\"8fdad38\" data-element_type=\"section\">\n\t\t\t\t\t\t<div class=\"elementor-container elementor-column-gap-default\">\n\t\t\t\t\t<div class=\"elementor-column elementor-col-100 elementor-top-column elementor-element elementor-element-57f194c\" data-id=\"57f194c\" data-element_type=\"column\">\n\t\t\t<div class=\"elementor-widget-wrap elementor-element-populated\">\n\t\t\t\t\t\t\t\t<div class=\"elementor-element elementor-element-1343de0 elementor-widget elementor-widget-text-editor\" data-id=\"1343de0\" data-element_type=\"widget\" data-widget_type=\"text-editor.default\">\n\t\t\t\t<div class=\"elementor-widget-container\">\n\t\t\t\t\t\t\t<p>Le manque de sp\u00e9cialistes est criant avec une priorit\u00e9 pour les dentistes, ophtalmologues\u2026 et gyn\u00e9cologues !\u00a0<\/p>\t\t\t\t\t\t<\/div>\n\t\t\t\t<\/div>\n\t\t\t\t\t<\/div>\n\t\t<\/div>\n\t\t\t\t\t\t\t<\/div>\n\t\t<\/section>\n\t\t\t\t<section class=\"elementor-section elementor-top-section elementor-element elementor-element-495cd1ea elementor-section-boxed elementor-section-height-default elementor-section-height-default\" data-id=\"495cd1ea\" data-element_type=\"section\">\n\t\t\t\t\t\t<div class=\"elementor-container elementor-column-gap-default\">\n\t\t\t\t\t<div class=\"elementor-column elementor-col-100 elementor-top-column elementor-element elementor-element-45f199fc\" data-id=\"45f199fc\" data-element_type=\"column\">\n\t\t\t<div class=\"elementor-widget-wrap elementor-element-populated\">\n\t\t\t\t\t\t\t\t<div class=\"elementor-element elementor-element-1205a475 elementor-widget elementor-widget-image\" data-id=\"1205a475\" data-element_type=\"widget\" data-widget_type=\"image.default\">\n\t\t\t\t<div class=\"elementor-widget-container\">\n\t\t\t\t\t\t\t\t\t\t\t\t\t\t\t<img loading=\"lazy\" decoding=\"async\" width=\"424\" height=\"253\" src=\"https:\/\/enquetecitoyenneavallonnais.fr\/wp-content\/uploads\/2021\/06\/13-1.png\" class=\"attachment-full size-full\" alt=\"\" srcset=\"https:\/\/enquetecitoyenneavallonnais.fr\/wp-content\/uploads\/2021\/06\/13-1.png 424w, https:\/\/enquetecitoyenneavallonnais.fr\/wp-content\/uploads\/2021\/06\/13-1-300x179.png 300w\" sizes=\"auto, (max-width: 424px) 100vw, 424px\" \/>\t\t\t\t\t\t\t\t\t\t\t\t\t\t\t<\/div>\n\t\t\t\t<\/div>\n\t\t\t\t\t<\/div>\n\t\t<\/div>\n\t\t\t\t\t\t\t<\/div>\n\t\t<\/section>\n\t\t\t\t<section class=\"elementor-section elementor-top-section elementor-element elementor-element-137b909 elementor-section-boxed elementor-section-height-default elementor-section-height-default\" data-id=\"137b909\" data-element_type=\"section\">\n\t\t\t\t\t\t<div class=\"elementor-container elementor-column-gap-default\">\n\t\t\t\t\t<div class=\"elementor-column elementor-col-100 elementor-top-column elementor-element elementor-element-ef1fe1c\" data-id=\"ef1fe1c\" data-element_type=\"column\">\n\t\t\t<div class=\"elementor-widget-wrap elementor-element-populated\">\n\t\t\t\t\t\t\t\t<div class=\"elementor-element elementor-element-6eede74 elementor-widget elementor-widget-text-editor\" data-id=\"6eede74\" data-element_type=\"widget\" data-widget_type=\"text-editor.default\">\n\t\t\t\t<div class=\"elementor-widget-container\">\n\t\t\t\t\t\t\t<p>Beaucoup de gens doivent se d\u00e9placer \u00e0 Dijon, voire \u00e0 Paris pour prendre soin de leur sant\u00e9, ce qui explique probablement pour partie la critique des transports collectifs.<\/p>\t\t\t\t\t\t<\/div>\n\t\t\t\t<\/div>\n\t\t\t\t\t<\/div>\n\t\t<\/div>\n\t\t\t\t\t\t\t<\/div>\n\t\t<\/section>\n\t\t\t\t<section class=\"elementor-section elementor-top-section elementor-element elementor-element-d8f2b26 elementor-section-boxed elementor-section-height-default elementor-section-height-default\" data-id=\"d8f2b26\" data-element_type=\"section\">\n\t\t\t\t\t\t<div class=\"elementor-container elementor-column-gap-default\">\n\t\t\t\t\t<div class=\"elementor-column elementor-col-100 elementor-top-column elementor-element elementor-element-6e553a3\" data-id=\"6e553a3\" data-element_type=\"column\">\n\t\t\t<div class=\"elementor-widget-wrap elementor-element-populated\">\n\t\t\t\t\t\t\t\t<div class=\"elementor-element elementor-element-c98f945 elementor-widget elementor-widget-image\" data-id=\"c98f945\" data-element_type=\"widget\" data-widget_type=\"image.default\">\n\t\t\t\t<div class=\"elementor-widget-container\">\n\t\t\t\t\t\t\t\t\t\t\t\t\t\t\t<img loading=\"lazy\" decoding=\"async\" width=\"424\" height=\"253\" src=\"https:\/\/enquetecitoyenneavallonnais.fr\/wp-content\/uploads\/2021\/06\/5-et-14.png\" class=\"attachment-full size-full\" alt=\"\" srcset=\"https:\/\/enquetecitoyenneavallonnais.fr\/wp-content\/uploads\/2021\/06\/5-et-14.png 424w, https:\/\/enquetecitoyenneavallonnais.fr\/wp-content\/uploads\/2021\/06\/5-et-14-300x179.png 300w\" sizes=\"auto, (max-width: 424px) 100vw, 424px\" \/>\t\t\t\t\t\t\t\t\t\t\t\t\t\t\t<\/div>\n\t\t\t\t<\/div>\n\t\t\t\t\t<\/div>\n\t\t<\/div>\n\t\t\t\t\t\t\t<\/div>\n\t\t<\/section>\n\t\t\t\t<section class=\"elementor-section elementor-top-section elementor-element elementor-element-c431724 elementor-section-boxed elementor-section-height-default elementor-section-height-default\" data-id=\"c431724\" data-element_type=\"section\">\n\t\t\t\t\t\t<div class=\"elementor-container elementor-column-gap-default\">\n\t\t\t\t\t<div class=\"elementor-column elementor-col-100 elementor-top-column elementor-element elementor-element-91c4459\" data-id=\"91c4459\" data-element_type=\"column\">\n\t\t\t<div class=\"elementor-widget-wrap elementor-element-populated\">\n\t\t\t\t\t\t\t\t<div class=\"elementor-element elementor-element-ae5ca35 elementor-widget elementor-widget-text-editor\" data-id=\"ae5ca35\" data-element_type=\"widget\" data-widget_type=\"text-editor.default\">\n\t\t\t\t<div class=\"elementor-widget-container\">\n\t\t\t\t\t\t\t<p>Enfin, nous pouvons noter que 60% des personnes ayant r\u00e9pondu recourent souvent ou occasionnellement \u00e0 des m\u00e9decines alternatives.\u00a0<\/p>\t\t\t\t\t\t<\/div>\n\t\t\t\t<\/div>\n\t\t\t\t\t<\/div>\n\t\t<\/div>\n\t\t\t\t\t\t\t<\/div>\n\t\t<\/section>\n\t\t\t\t<section class=\"elementor-section elementor-top-section elementor-element elementor-element-6f57449d elementor-section-boxed elementor-section-height-default elementor-section-height-default\" data-id=\"6f57449d\" data-element_type=\"section\">\n\t\t\t\t\t\t<div class=\"elementor-container elementor-column-gap-default\">\n\t\t\t\t\t<div class=\"elementor-column elementor-col-100 elementor-top-column elementor-element elementor-element-36a14145\" data-id=\"36a14145\" data-element_type=\"column\">\n\t\t\t<div class=\"elementor-widget-wrap elementor-element-populated\">\n\t\t\t\t\t\t\t\t<div class=\"elementor-element elementor-element-30fc674a elementor-widget elementor-widget-image\" data-id=\"30fc674a\" data-element_type=\"widget\" data-widget_type=\"image.default\">\n\t\t\t\t<div class=\"elementor-widget-container\">\n\t\t\t\t\t\t\t\t\t\t\t\t\t\t\t<img loading=\"lazy\" decoding=\"async\" width=\"1512\" height=\"1186\" src=\"https:\/\/enquetecitoyenneavallonnais.fr\/wp-content\/uploads\/2021\/06\/41.png\" class=\"attachment-full size-full\" alt=\"\" srcset=\"https:\/\/enquetecitoyenneavallonnais.fr\/wp-content\/uploads\/2021\/06\/41.png 1512w, https:\/\/enquetecitoyenneavallonnais.fr\/wp-content\/uploads\/2021\/06\/41-300x235.png 300w, https:\/\/enquetecitoyenneavallonnais.fr\/wp-content\/uploads\/2021\/06\/41-1024x803.png 1024w, https:\/\/enquetecitoyenneavallonnais.fr\/wp-content\/uploads\/2021\/06\/41-768x602.png 768w, https:\/\/enquetecitoyenneavallonnais.fr\/wp-content\/uploads\/2021\/06\/41-1200x941.png 1200w\" sizes=\"auto, (max-width: 1512px) 100vw, 1512px\" \/>\t\t\t\t\t\t\t\t\t\t\t\t\t\t\t<\/div>\n\t\t\t\t<\/div>\n\t\t\t\t\t<\/div>\n\t\t<\/div>\n\t\t\t\t\t\t\t<\/div>\n\t\t<\/section>\n\t\t\t\t<section class=\"elementor-section elementor-top-section elementor-element elementor-element-1ef5ee5 elementor-section-boxed elementor-section-height-default elementor-section-height-default\" data-id=\"1ef5ee5\" data-element_type=\"section\">\n\t\t\t\t\t\t<div class=\"elementor-container elementor-column-gap-default\">\n\t\t\t\t\t<div class=\"elementor-column elementor-col-100 elementor-top-column elementor-element elementor-element-0fc2ceb\" data-id=\"0fc2ceb\" data-element_type=\"column\">\n\t\t\t<div class=\"elementor-widget-wrap elementor-element-populated\">\n\t\t\t\t\t\t\t\t<div class=\"elementor-element elementor-element-c700c2d elementor-widget elementor-widget-text-editor\" data-id=\"c700c2d\" data-element_type=\"widget\" data-widget_type=\"text-editor.default\">\n\t\t\t\t<div class=\"elementor-widget-container\">\n\t\t\t\t\t\t\t<h3>T\u00e9moignages :<\/h3>\t\t\t\t\t\t<\/div>\n\t\t\t\t<\/div>\n\t\t\t\t<div class=\"elementor-element elementor-element-56691c6 elementor-widget elementor-widget-text-editor\" data-id=\"56691c6\" data-element_type=\"widget\" data-widget_type=\"text-editor.default\">\n\t\t\t\t<div class=\"elementor-widget-container\">\n\t\t\t\t\t\t\t<p><i>\u201cTrop peu de praticiens sur le territoire, d&#8217;o\u00f9 un d\u00e9lai d&#8217;attente qui devient impensable ; ou obligation, s&#8217;il y a, de se &#8220;retourner&#8221; vers un praticien de mauvaise r\u00e9putation mais dont le d\u00e9lai d&#8217;attente est correct.\u201d<\/i><\/p><p>\u00a0<\/p><p><i>\u201cR\u00e9ouvrir les maternit\u00e9s de proximit\u00e9 et favoriser la cr\u00e9ation de p\u00f4les de sages-femmes mobiles qui se d\u00e9placent \u00e0 domicile avant et apr\u00e8s la naissance des enfants.&#8221;<\/i><\/p><p>\u00a0<\/p><p><i>&#8220;D\u00e9gradation progressive du service de sant\u00e9 sur l&#8217;Avallonnais. Les praticiens partent et ne sont pas remplac\u00e9s.&#8221;<\/i><\/p><p>\u00a0<\/p><p><i>\u201cIl est vrai que l&#8217;on se pose la question de savoir si vieillir \u00e0 Avallon est la solution ou plut\u00f4t s&#8217;orienter vers des r\u00e9gions plus attractives en mati\u00e8re d&#8217;offres de sant\u00e9 donc d\u00e9m\u00e9nager.\u201d<\/i><\/p><p>\u00a0<\/p><p><i>\u201cIl vaut mieux \u00eatre en bonne sant\u00e9. Je vieillis et \u00e7a ne va pas \u00eatre dr\u00f4le\u2026\u201d<\/i><\/p><p>\u00a0<\/p><p><i>\u201cMaternit\u00e9 absente\u00a0 donc direction Auxerre ou Semur.\u201d<\/i><\/p><p>\u00a0<\/p><p><i>\u201cHeureusement, il y a encore un service des urgences \u00e0 l&#8217;H\u00f4pital d&#8217;Avallon.\u201d<\/i><\/p>\t\t\t\t\t\t<\/div>\n\t\t\t\t<\/div>\n\t\t\t\t\t<\/div>\n\t\t<\/div>\n\t\t\t\t\t\t\t<\/div>\n\t\t<\/section>\n\t\t\t\t\t\t\t<\/div>\n\t\t","protected":false},"excerpt":{"rendered":"<p>A \u2013 Qui a r\u00e9pondu \u00e0 l\u2019enqu\u00eate B \u2013 Le ressenti global C \u2013 Les transports D \u2013 Courses et alimentation E \u2013 Logement F \u2013 \u00c9ducation G \u2013 T\u00e9l\u00e9phonie et Internet H \u2013 Loisirs I \u2013 Nature J \u2013 Sant\u00e9 K \u2013 \u00c9lections J &#8211; Sant\u00e9 Sans surprise au vu des r\u00e9sultats obtenus aux [&hellip;]<\/p>\n","protected":false},"author":1,"featured_media":0,"parent":12,"menu_order":0,"comment_status":"closed","ping_status":"closed","template":"","meta":{"footnotes":""},"class_list":["post-62","page","type-page","status-publish","hentry"],"_links":{"self":[{"href":"https:\/\/enquetecitoyenneavallonnais.fr\/index.php\/wp-json\/wp\/v2\/pages\/62","targetHints":{"allow":["GET"]}}],"collection":[{"href":"https:\/\/enquetecitoyenneavallonnais.fr\/index.php\/wp-json\/wp\/v2\/pages"}],"about":[{"href":"https:\/\/enquetecitoyenneavallonnais.fr\/index.php\/wp-json\/wp\/v2\/types\/page"}],"author":[{"embeddable":true,"href":"https:\/\/enquetecitoyenneavallonnais.fr\/index.php\/wp-json\/wp\/v2\/users\/1"}],"replies":[{"embeddable":true,"href":"https:\/\/enquetecitoyenneavallonnais.fr\/index.php\/wp-json\/wp\/v2\/comments?post=62"}],"version-history":[{"count":13,"href":"https:\/\/enquetecitoyenneavallonnais.fr\/index.php\/wp-json\/wp\/v2\/pages\/62\/revisions"}],"predecessor-version":[{"id":477,"href":"https:\/\/enquetecitoyenneavallonnais.fr\/index.php\/wp-json\/wp\/v2\/pages\/62\/revisions\/477"}],"up":[{"embeddable":true,"href":"https:\/\/enquetecitoyenneavallonnais.fr\/index.php\/wp-json\/wp\/v2\/pages\/12"}],"wp:attachment":[{"href":"https:\/\/enquetecitoyenneavallonnais.fr\/index.php\/wp-json\/wp\/v2\/media?parent=62"}],"curies":[{"name":"wp","href":"https:\/\/api.w.org\/{rel}","templated":true}]}}