{"id":56,"date":"2021-06-07T17:52:31","date_gmt":"2021-06-07T15:52:31","guid":{"rendered":"http:\/\/enquetecitoyenneavallonnais.fr\/?page_id=56"},"modified":"2021-06-23T17:26:25","modified_gmt":"2021-06-23T15:26:25","slug":"g-telephonie-et-internet","status":"publish","type":"page","link":"https:\/\/enquetecitoyenneavallonnais.fr\/index.php\/lenquete\/g-telephonie-et-internet\/","title":{"rendered":"G &#8211; T\u00e9l\u00e9phonie et Internet"},"content":{"rendered":"\t\t<div data-elementor-type=\"wp-page\" data-elementor-id=\"56\" class=\"elementor elementor-56\">\n\t\t\t\t\t\t\t\t\t<section class=\"elementor-section elementor-top-section elementor-element elementor-element-6beed87f elementor-section-full_width elementor-section-content-top elementor-section-height-default elementor-section-height-default\" data-id=\"6beed87f\" data-element_type=\"section\" data-settings=\"{&quot;background_background&quot;:&quot;classic&quot;}\">\n\t\t\t\t\t\t<div class=\"elementor-container elementor-column-gap-default\">\n\t\t\t\t\t<div class=\"elementor-column elementor-col-100 elementor-top-column elementor-element elementor-element-5f14d4af\" data-id=\"5f14d4af\" data-element_type=\"column\">\n\t\t\t<div class=\"elementor-widget-wrap elementor-element-populated\">\n\t\t\t\t\t\t\t\t<div class=\"elementor-element elementor-element-6d68d1ab hfe-nav-menu__align-center hfe-submenu-icon-arrow hfe-submenu-animation-none hfe-link-redirect-child hfe-nav-menu__breakpoint-tablet elementor-widget elementor-widget-navigation-menu\" data-id=\"6d68d1ab\" data-element_type=\"widget\" data-widget_type=\"navigation-menu.default\">\n\t\t\t\t<div class=\"elementor-widget-container\">\n\t\t\t\t\t\t<div class=\"hfe-nav-menu hfe-layout-horizontal hfe-nav-menu-layout horizontal hfe-pointer__none\" data-layout=\"horizontal\">\n\t\t\t\t<div class=\"hfe-nav-menu__toggle elementor-clickable\">\n\t\t\t\t\t<div class=\"hfe-nav-menu-icon\">\n\t\t\t\t\t\t<i aria-hidden=\"true\" tabindex=\"0\" class=\"fas fa-align-justify\"><\/i>\t\t\t\t\t<\/div>\n\t\t\t\t<\/div>\n\t\t\t\t<nav class=\"hfe-nav-menu__layout-horizontal hfe-nav-menu__submenu-arrow\" data-toggle-icon=\"&lt;i aria-hidden=&quot;true&quot; tabindex=&quot;0&quot; class=&quot;fas fa-align-justify&quot;&gt;&lt;\/i&gt;\" data-close-icon=\"&lt;i aria-hidden=&quot;true&quot; tabindex=&quot;0&quot; class=&quot;far fa-window-close&quot;&gt;&lt;\/i&gt;\" data-full-width=\"yes\"><ul id=\"menu-1-6d68d1ab\" class=\"hfe-nav-menu\"><li id=\"menu-item-92\" class=\"menu-item menu-item-type-post_type menu-item-object-page parent hfe-creative-menu\"><a href=\"https:\/\/enquetecitoyenneavallonnais.fr\/index.php\/lenquete\/a-qui-a-repondu-a-lenquete\/\" class = \"hfe-menu-item\">A \u2013 Qui a r\u00e9pondu \u00e0 l\u2019enqu\u00eate<\/a><\/li>\n<li id=\"menu-item-91\" class=\"menu-item menu-item-type-post_type menu-item-object-page parent hfe-creative-menu\"><a href=\"https:\/\/enquetecitoyenneavallonnais.fr\/index.php\/lenquete\/b-le-ressenti-global\/\" class = \"hfe-menu-item\">B \u2013 Le ressenti global<\/a><\/li>\n<li id=\"menu-item-90\" class=\"menu-item menu-item-type-post_type menu-item-object-page parent hfe-creative-menu\"><a href=\"https:\/\/enquetecitoyenneavallonnais.fr\/index.php\/lenquete\/c-les-transports\/\" class = \"hfe-menu-item\">C \u2013 Les transports<\/a><\/li>\n<li id=\"menu-item-89\" class=\"menu-item menu-item-type-post_type menu-item-object-page parent hfe-creative-menu\"><a href=\"https:\/\/enquetecitoyenneavallonnais.fr\/index.php\/lenquete\/d-courses-et-alimentation\/\" class = \"hfe-menu-item\">D \u2013 Courses et alimentation<\/a><\/li>\n<li id=\"menu-item-88\" class=\"menu-item menu-item-type-post_type menu-item-object-page parent hfe-creative-menu\"><a href=\"https:\/\/enquetecitoyenneavallonnais.fr\/index.php\/lenquete\/e-logement\/\" class = \"hfe-menu-item\">E \u2013 Logement<\/a><\/li>\n<li id=\"menu-item-87\" class=\"menu-item menu-item-type-post_type menu-item-object-page parent hfe-creative-menu\"><a href=\"https:\/\/enquetecitoyenneavallonnais.fr\/index.php\/lenquete\/f-education\/\" class = \"hfe-menu-item\">F \u2013 \u00c9ducation<\/a><\/li>\n<li id=\"menu-item-86\" class=\"menu-item menu-item-type-post_type menu-item-object-page parent hfe-creative-menu\"><a href=\"https:\/\/enquetecitoyenneavallonnais.fr\/index.php\/lenquete\/g-telephonie-et-internet\/\" class = \"hfe-menu-item\">G \u2013 T\u00e9l\u00e9phonie et Internet<\/a><\/li>\n<li id=\"menu-item-85\" class=\"menu-item menu-item-type-post_type menu-item-object-page parent hfe-creative-menu\"><a href=\"https:\/\/enquetecitoyenneavallonnais.fr\/index.php\/lenquete\/h-loisirs\/\" class = \"hfe-menu-item\">H \u2013 Loisirs<\/a><\/li>\n<li id=\"menu-item-84\" class=\"menu-item menu-item-type-post_type menu-item-object-page parent hfe-creative-menu\"><a href=\"https:\/\/enquetecitoyenneavallonnais.fr\/index.php\/lenquete\/i-nature\/\" class = \"hfe-menu-item\">I \u2013 Nature<\/a><\/li>\n<li id=\"menu-item-83\" class=\"menu-item menu-item-type-post_type menu-item-object-page parent hfe-creative-menu\"><a href=\"https:\/\/enquetecitoyenneavallonnais.fr\/index.php\/lenquete\/j-sante\/\" class = \"hfe-menu-item\">J \u2013 Sant\u00e9<\/a><\/li>\n<li id=\"menu-item-82\" class=\"menu-item menu-item-type-post_type menu-item-object-page parent hfe-creative-menu\"><a href=\"https:\/\/enquetecitoyenneavallonnais.fr\/index.php\/lenquete\/k-elections\/\" class = \"hfe-menu-item\">K \u2013 \u00c9lections<\/a><\/li>\n<\/ul><\/nav>              \n\t\t\t<\/div>\n\t\t\t\t\t<\/div>\n\t\t\t\t<\/div>\n\t\t\t\t\t<\/div>\n\t\t<\/div>\n\t\t\t\t\t\t\t<\/div>\n\t\t<\/section>\n\t\t\t\t<section class=\"elementor-section elementor-top-section elementor-element elementor-element-3c7761c7 elementor-section-boxed elementor-section-height-default elementor-section-height-default\" data-id=\"3c7761c7\" data-element_type=\"section\">\n\t\t\t\t\t\t<div class=\"elementor-container elementor-column-gap-default\">\n\t\t\t\t\t<div class=\"elementor-column elementor-col-100 elementor-top-column elementor-element elementor-element-25517c36\" data-id=\"25517c36\" data-element_type=\"column\">\n\t\t\t<div class=\"elementor-widget-wrap elementor-element-populated\">\n\t\t\t\t\t\t\t\t<div class=\"elementor-element elementor-element-6d5caf1c elementor-widget elementor-widget-text-editor\" data-id=\"6d5caf1c\" data-element_type=\"widget\" data-widget_type=\"text-editor.default\">\n\t\t\t\t<div class=\"elementor-widget-container\">\n\t\t\t\t\t\t\t<p>G &#8211; T\u00e9l\u00e9phonie et Internet<\/p>\t\t\t\t\t\t<\/div>\n\t\t\t\t<\/div>\n\t\t\t\t<div class=\"elementor-element elementor-element-5daadf86 elementor-widget elementor-widget-text-editor\" data-id=\"5daadf86\" data-element_type=\"widget\" data-widget_type=\"text-editor.default\">\n\t\t\t\t<div class=\"elementor-widget-container\">\n\t\t\t\t\t\t\t<p>On peut voir que sur les 339 sond\u00e9s la majorit\u00e9 a acc\u00e8s \u00e0 des moyens de communication (t\u00e9l\u00e9phonie): seulement 7 personnes n\u2019ont pas de t\u00e9l\u00e9phone mobile.<\/p>\t\t\t\t\t\t<\/div>\n\t\t\t\t<\/div>\n\t\t\t\t\t<\/div>\n\t\t<\/div>\n\t\t\t\t\t\t\t<\/div>\n\t\t<\/section>\n\t\t\t\t<section class=\"elementor-section elementor-top-section elementor-element elementor-element-71be0d06 elementor-section-boxed elementor-section-height-default elementor-section-height-default\" data-id=\"71be0d06\" data-element_type=\"section\">\n\t\t\t\t\t\t<div class=\"elementor-container elementor-column-gap-default\">\n\t\t\t\t\t<div class=\"elementor-column elementor-col-100 elementor-top-column elementor-element elementor-element-501c2b92\" data-id=\"501c2b92\" data-element_type=\"column\">\n\t\t\t<div class=\"elementor-widget-wrap elementor-element-populated\">\n\t\t\t\t\t\t\t\t<div class=\"elementor-element elementor-element-2122a7df elementor-widget elementor-widget-image\" data-id=\"2122a7df\" data-element_type=\"widget\" data-widget_type=\"image.default\">\n\t\t\t\t<div class=\"elementor-widget-container\">\n\t\t\t\t\t\t\t\t\t\t\t\t\t\t\t<img loading=\"lazy\" decoding=\"async\" width=\"1228\" height=\"1184\" src=\"https:\/\/enquetecitoyenneavallonnais.fr\/wp-content\/uploads\/2021\/06\/25.png\" class=\"attachment-full size-full\" alt=\"\" srcset=\"https:\/\/enquetecitoyenneavallonnais.fr\/wp-content\/uploads\/2021\/06\/25.png 1228w, https:\/\/enquetecitoyenneavallonnais.fr\/wp-content\/uploads\/2021\/06\/25-300x289.png 300w, https:\/\/enquetecitoyenneavallonnais.fr\/wp-content\/uploads\/2021\/06\/25-1024x987.png 1024w, https:\/\/enquetecitoyenneavallonnais.fr\/wp-content\/uploads\/2021\/06\/25-768x740.png 768w, https:\/\/enquetecitoyenneavallonnais.fr\/wp-content\/uploads\/2021\/06\/25-1200x1157.png 1200w\" sizes=\"auto, (max-width: 1228px) 100vw, 1228px\" \/>\t\t\t\t\t\t\t\t\t\t\t\t\t\t\t<\/div>\n\t\t\t\t<\/div>\n\t\t\t\t\t<\/div>\n\t\t<\/div>\n\t\t\t\t\t\t\t<\/div>\n\t\t<\/section>\n\t\t\t\t<section class=\"elementor-section elementor-top-section elementor-element elementor-element-fa8b4d8 elementor-section-boxed elementor-section-height-default elementor-section-height-default\" data-id=\"fa8b4d8\" data-element_type=\"section\">\n\t\t\t\t\t\t<div class=\"elementor-container elementor-column-gap-default\">\n\t\t\t\t\t<div class=\"elementor-column elementor-col-100 elementor-top-column elementor-element elementor-element-4eb3a54\" data-id=\"4eb3a54\" data-element_type=\"column\">\n\t\t\t<div class=\"elementor-widget-wrap elementor-element-populated\">\n\t\t\t\t\t\t\t\t<div class=\"elementor-element elementor-element-bde018f elementor-widget elementor-widget-text-editor\" data-id=\"bde018f\" data-element_type=\"widget\" data-widget_type=\"text-editor.default\">\n\t\t\t\t<div class=\"elementor-widget-container\">\n\t\t\t\t\t\t\t<p>De m\u00eame, seulement 11 personnes n\u2019ont pas de connexion internet. Nous ne savons pas si c\u2019est par choix ou par manque d\u2019infrastructures leur permettant d\u2019y avoir acc\u00e8s.<\/p>\t\t\t\t\t\t<\/div>\n\t\t\t\t<\/div>\n\t\t\t\t\t<\/div>\n\t\t<\/div>\n\t\t\t\t\t\t\t<\/div>\n\t\t<\/section>\n\t\t\t\t<section class=\"elementor-section elementor-top-section elementor-element elementor-element-58500b76 elementor-section-boxed elementor-section-height-default elementor-section-height-default\" data-id=\"58500b76\" data-element_type=\"section\">\n\t\t\t\t\t\t<div class=\"elementor-container elementor-column-gap-default\">\n\t\t\t\t\t<div class=\"elementor-column elementor-col-100 elementor-top-column elementor-element elementor-element-33d6df2b\" data-id=\"33d6df2b\" data-element_type=\"column\">\n\t\t\t<div class=\"elementor-widget-wrap elementor-element-populated\">\n\t\t\t\t\t\t\t\t<div class=\"elementor-element elementor-element-53b73143 elementor-widget elementor-widget-image\" data-id=\"53b73143\" data-element_type=\"widget\" data-widget_type=\"image.default\">\n\t\t\t\t<div class=\"elementor-widget-container\">\n\t\t\t\t\t\t\t\t\t\t\t\t\t\t\t<img loading=\"lazy\" decoding=\"async\" width=\"1350\" height=\"1185\" src=\"https:\/\/enquetecitoyenneavallonnais.fr\/wp-content\/uploads\/2021\/06\/26.png\" class=\"attachment-full size-full\" alt=\"\" srcset=\"https:\/\/enquetecitoyenneavallonnais.fr\/wp-content\/uploads\/2021\/06\/26.png 1350w, https:\/\/enquetecitoyenneavallonnais.fr\/wp-content\/uploads\/2021\/06\/26-300x263.png 300w, https:\/\/enquetecitoyenneavallonnais.fr\/wp-content\/uploads\/2021\/06\/26-1024x899.png 1024w, https:\/\/enquetecitoyenneavallonnais.fr\/wp-content\/uploads\/2021\/06\/26-768x674.png 768w, https:\/\/enquetecitoyenneavallonnais.fr\/wp-content\/uploads\/2021\/06\/26-1200x1053.png 1200w\" sizes=\"auto, (max-width: 1350px) 100vw, 1350px\" \/>\t\t\t\t\t\t\t\t\t\t\t\t\t\t\t<\/div>\n\t\t\t\t<\/div>\n\t\t\t\t\t<\/div>\n\t\t<\/div>\n\t\t\t\t\t\t\t<\/div>\n\t\t<\/section>\n\t\t\t\t<section class=\"elementor-section elementor-top-section elementor-element elementor-element-830020c elementor-section-boxed elementor-section-height-default elementor-section-height-default\" data-id=\"830020c\" data-element_type=\"section\">\n\t\t\t\t\t\t<div class=\"elementor-container elementor-column-gap-default\">\n\t\t\t\t\t<div class=\"elementor-column elementor-col-100 elementor-top-column elementor-element elementor-element-8b0fef6\" data-id=\"8b0fef6\" data-element_type=\"column\">\n\t\t\t<div class=\"elementor-widget-wrap elementor-element-populated\">\n\t\t\t\t\t\t\t\t<div class=\"elementor-element elementor-element-9ba5bcd elementor-widget elementor-widget-text-editor\" data-id=\"9ba5bcd\" data-element_type=\"widget\" data-widget_type=\"text-editor.default\">\n\t\t\t\t<div class=\"elementor-widget-container\">\n\t\t\t\t\t\t\t<p>Si les personnes interrog\u00e9es donnent une appr\u00e9ciation moyenne de 6 sur 10 pour la qualit\u00e9 du r\u00e9seau mobile, on constate une forte disparit\u00e9 des r\u00e9ponses et un nombre significatif de personnes tr\u00e8s insatisfaites. Ceci est probablement d\u00fb \u00e0 la persistance de zones blanches ou mal couvertes, r\u00e9guli\u00e8rement point\u00e9es dans les commentaires.\u00a0<\/p>\t\t\t\t\t\t<\/div>\n\t\t\t\t<\/div>\n\t\t\t\t\t<\/div>\n\t\t<\/div>\n\t\t\t\t\t\t\t<\/div>\n\t\t<\/section>\n\t\t\t\t<section class=\"elementor-section elementor-top-section elementor-element elementor-element-7dd420ea elementor-section-boxed elementor-section-height-default elementor-section-height-default\" data-id=\"7dd420ea\" data-element_type=\"section\">\n\t\t\t\t\t\t<div class=\"elementor-container elementor-column-gap-default\">\n\t\t\t\t\t<div class=\"elementor-column elementor-col-100 elementor-top-column elementor-element elementor-element-468b5428\" data-id=\"468b5428\" data-element_type=\"column\">\n\t\t\t<div class=\"elementor-widget-wrap elementor-element-populated\">\n\t\t\t\t\t\t\t\t<div class=\"elementor-element elementor-element-17f654c2 elementor-widget elementor-widget-image\" data-id=\"17f654c2\" data-element_type=\"widget\" data-widget_type=\"image.default\">\n\t\t\t\t<div class=\"elementor-widget-container\">\n\t\t\t\t\t\t\t\t\t\t\t\t\t\t\t<img loading=\"lazy\" decoding=\"async\" width=\"1236\" height=\"948\" src=\"https:\/\/enquetecitoyenneavallonnais.fr\/wp-content\/uploads\/2021\/06\/27.png\" class=\"attachment-full size-full\" alt=\"\" srcset=\"https:\/\/enquetecitoyenneavallonnais.fr\/wp-content\/uploads\/2021\/06\/27.png 1236w, https:\/\/enquetecitoyenneavallonnais.fr\/wp-content\/uploads\/2021\/06\/27-300x230.png 300w, https:\/\/enquetecitoyenneavallonnais.fr\/wp-content\/uploads\/2021\/06\/27-1024x785.png 1024w, https:\/\/enquetecitoyenneavallonnais.fr\/wp-content\/uploads\/2021\/06\/27-768x589.png 768w, https:\/\/enquetecitoyenneavallonnais.fr\/wp-content\/uploads\/2021\/06\/27-1200x920.png 1200w\" sizes=\"auto, (max-width: 1236px) 100vw, 1236px\" \/>\t\t\t\t\t\t\t\t\t\t\t\t\t\t\t<\/div>\n\t\t\t\t<\/div>\n\t\t\t\t\t<\/div>\n\t\t<\/div>\n\t\t\t\t\t\t\t<\/div>\n\t\t<\/section>\n\t\t\t\t<section class=\"elementor-section elementor-top-section elementor-element elementor-element-c21827a elementor-section-boxed elementor-section-height-default elementor-section-height-default\" data-id=\"c21827a\" data-element_type=\"section\">\n\t\t\t\t\t\t<div class=\"elementor-container elementor-column-gap-default\">\n\t\t\t\t\t<div class=\"elementor-column elementor-col-100 elementor-top-column elementor-element elementor-element-fa8a1b1\" data-id=\"fa8a1b1\" data-element_type=\"column\">\n\t\t\t<div class=\"elementor-widget-wrap elementor-element-populated\">\n\t\t\t\t\t\t\t\t<div class=\"elementor-element elementor-element-5c8a8db elementor-widget elementor-widget-text-editor\" data-id=\"5c8a8db\" data-element_type=\"widget\" data-widget_type=\"text-editor.default\">\n\t\t\t\t<div class=\"elementor-widget-container\">\n\t\t\t\t\t\t\t<p>Cette note moyenne de 6 et cette disparit\u00e9 se retrouvent \u00e9galement dans l\u2019\u00e9valuation de la qualit\u00e9 de la connexion internet. Cependant, le nombre de personnes tr\u00e8s insatisfaites est plus faible, probablement en raison d\u2019un usage moins syst\u00e9matique au quotidien. On note \u00e9galement dans les commentaires un recours aux solutions alternatives comme le wimax ou le satellite, avec l\u2019aide financi\u00e8re de la r\u00e9gion.<\/p>\t\t\t\t\t\t<\/div>\n\t\t\t\t<\/div>\n\t\t\t\t\t<\/div>\n\t\t<\/div>\n\t\t\t\t\t\t\t<\/div>\n\t\t<\/section>\n\t\t\t\t<section class=\"elementor-section elementor-top-section elementor-element elementor-element-5a89c0e elementor-section-boxed elementor-section-height-default elementor-section-height-default\" data-id=\"5a89c0e\" data-element_type=\"section\">\n\t\t\t\t\t\t<div class=\"elementor-container elementor-column-gap-default\">\n\t\t\t\t\t<div class=\"elementor-column elementor-col-100 elementor-top-column elementor-element elementor-element-5e3146a7\" data-id=\"5e3146a7\" data-element_type=\"column\">\n\t\t\t<div class=\"elementor-widget-wrap elementor-element-populated\">\n\t\t\t\t\t\t\t\t<div class=\"elementor-element elementor-element-1a9c579d elementor-widget elementor-widget-image\" data-id=\"1a9c579d\" data-element_type=\"widget\" data-widget_type=\"image.default\">\n\t\t\t\t<div class=\"elementor-widget-container\">\n\t\t\t\t\t\t\t\t\t\t\t\t\t\t\t<img loading=\"lazy\" decoding=\"async\" width=\"1556\" height=\"1005\" src=\"https:\/\/enquetecitoyenneavallonnais.fr\/wp-content\/uploads\/2021\/06\/28.png\" class=\"attachment-full size-full\" alt=\"\" srcset=\"https:\/\/enquetecitoyenneavallonnais.fr\/wp-content\/uploads\/2021\/06\/28.png 1556w, https:\/\/enquetecitoyenneavallonnais.fr\/wp-content\/uploads\/2021\/06\/28-300x194.png 300w, https:\/\/enquetecitoyenneavallonnais.fr\/wp-content\/uploads\/2021\/06\/28-1024x661.png 1024w, https:\/\/enquetecitoyenneavallonnais.fr\/wp-content\/uploads\/2021\/06\/28-768x496.png 768w, https:\/\/enquetecitoyenneavallonnais.fr\/wp-content\/uploads\/2021\/06\/28-1536x992.png 1536w, https:\/\/enquetecitoyenneavallonnais.fr\/wp-content\/uploads\/2021\/06\/28-1200x775.png 1200w\" sizes=\"auto, (max-width: 1556px) 100vw, 1556px\" \/>\t\t\t\t\t\t\t\t\t\t\t\t\t\t\t<\/div>\n\t\t\t\t<\/div>\n\t\t\t\t\t<\/div>\n\t\t<\/div>\n\t\t\t\t\t\t\t<\/div>\n\t\t<\/section>\n\t\t\t\t<section class=\"elementor-section elementor-top-section elementor-element elementor-element-d8df1b9 elementor-section-boxed elementor-section-height-default elementor-section-height-default\" data-id=\"d8df1b9\" data-element_type=\"section\">\n\t\t\t\t\t\t<div class=\"elementor-container elementor-column-gap-default\">\n\t\t\t\t\t<div class=\"elementor-column elementor-col-100 elementor-top-column elementor-element elementor-element-d7a7663\" data-id=\"d7a7663\" data-element_type=\"column\">\n\t\t\t<div class=\"elementor-widget-wrap elementor-element-populated\">\n\t\t\t\t\t\t\t\t<div class=\"elementor-element elementor-element-c22be96 elementor-widget elementor-widget-text-editor\" data-id=\"c22be96\" data-element_type=\"widget\" data-widget_type=\"text-editor.default\">\n\t\t\t\t<div class=\"elementor-widget-container\">\n\t\t\t\t\t\t\t<p>Concernant les usages d\u2019internet, plusieurs r\u00e9ponses \u00e9taient possibles. On voit une forte pr\u00e9pond\u00e9rance des usages de la vie quotidienne et r\u00e9cr\u00e9atifs. La faiblesse relative des usages comme les jeux en ligne \u00e9tant en partie li\u00e9e \u00e0 l\u2019\u00e2ge des personnes ayant r\u00e9pondu.\u00a0<\/p><p>Il y a probablement une corr\u00e9lation entre le niveau de satisfaction et le type d\u2019usage.<\/p>\t\t\t\t\t\t<\/div>\n\t\t\t\t<\/div>\n\t\t\t\t\t<\/div>\n\t\t<\/div>\n\t\t\t\t\t\t\t<\/div>\n\t\t<\/section>\n\t\t\t\t<section class=\"elementor-section elementor-top-section elementor-element elementor-element-509b7b15 elementor-section-boxed elementor-section-height-default elementor-section-height-default\" data-id=\"509b7b15\" data-element_type=\"section\">\n\t\t\t\t\t\t<div class=\"elementor-container elementor-column-gap-default\">\n\t\t\t\t\t<div class=\"elementor-column elementor-col-100 elementor-top-column elementor-element elementor-element-2e9a0742\" data-id=\"2e9a0742\" data-element_type=\"column\">\n\t\t\t<div class=\"elementor-widget-wrap elementor-element-populated\">\n\t\t\t\t\t\t\t\t<div class=\"elementor-element elementor-element-7b45e53d elementor-widget elementor-widget-image\" data-id=\"7b45e53d\" data-element_type=\"widget\" data-widget_type=\"image.default\">\n\t\t\t\t<div class=\"elementor-widget-container\">\n\t\t\t\t\t\t\t\t\t\t\t\t\t\t\t<img loading=\"lazy\" decoding=\"async\" width=\"1611\" height=\"1185\" src=\"https:\/\/enquetecitoyenneavallonnais.fr\/wp-content\/uploads\/2021\/06\/29.png\" class=\"attachment-full size-full\" alt=\"\" srcset=\"https:\/\/enquetecitoyenneavallonnais.fr\/wp-content\/uploads\/2021\/06\/29.png 1611w, https:\/\/enquetecitoyenneavallonnais.fr\/wp-content\/uploads\/2021\/06\/29-300x221.png 300w, https:\/\/enquetecitoyenneavallonnais.fr\/wp-content\/uploads\/2021\/06\/29-1024x753.png 1024w, https:\/\/enquetecitoyenneavallonnais.fr\/wp-content\/uploads\/2021\/06\/29-768x565.png 768w, https:\/\/enquetecitoyenneavallonnais.fr\/wp-content\/uploads\/2021\/06\/29-1536x1130.png 1536w, https:\/\/enquetecitoyenneavallonnais.fr\/wp-content\/uploads\/2021\/06\/29-1200x883.png 1200w\" sizes=\"auto, (max-width: 1611px) 100vw, 1611px\" \/>\t\t\t\t\t\t\t\t\t\t\t\t\t\t\t<\/div>\n\t\t\t\t<\/div>\n\t\t\t\t\t<\/div>\n\t\t<\/div>\n\t\t\t\t\t\t\t<\/div>\n\t\t<\/section>\n\t\t\t\t<section class=\"elementor-section elementor-top-section elementor-element elementor-element-1acd633f elementor-section-boxed elementor-section-height-default elementor-section-height-default\" data-id=\"1acd633f\" data-element_type=\"section\">\n\t\t\t\t\t\t<div class=\"elementor-container elementor-column-gap-default\">\n\t\t\t\t\t<div class=\"elementor-column elementor-col-100 elementor-top-column elementor-element elementor-element-5a0d0795\" data-id=\"5a0d0795\" data-element_type=\"column\">\n\t\t\t<div class=\"elementor-widget-wrap elementor-element-populated\">\n\t\t\t\t\t\t\t\t<div class=\"elementor-element elementor-element-57dba92e elementor-widget elementor-widget-text-editor\" data-id=\"57dba92e\" data-element_type=\"widget\" data-widget_type=\"text-editor.default\">\n\t\t\t\t<div class=\"elementor-widget-container\">\n\t\t\t\t\t\t\t<h3>T\u00e9moignages :<\/h3>\t\t\t\t\t\t<\/div>\n\t\t\t\t<\/div>\n\t\t\t\t<div class=\"elementor-element elementor-element-31f445bf elementor-widget elementor-widget-text-editor\" data-id=\"31f445bf\" data-element_type=\"widget\" data-widget_type=\"text-editor.default\">\n\t\t\t\t<div class=\"elementor-widget-container\">\n\t\t\t\t\t\t\t<p><i>\u201cLors de mon travail je me d\u00e9place dans de petits villages du sud de l&#8217;Yonne, beaucoup d&#8217;entre eux n&#8217;ont pas de r\u00e9seau, je ne peux pas t\u00e9l\u00e9phoner en t\u00e9l\u00e9phonie mobile lorsque j&#8217;y suis. Pour y aller je ne peux pas m&#8217;aider d&#8217;un GPS interactif sur mon t\u00e9l\u00e9phone car il y a de grands trous dans la fourniture des informations. Plut\u00f4t que de passer \u00e0 la 5G puis \u00e0 la 6G etc. ce serait normal de s&#8217;assurer d&#8217;abord que tous les citoyens soient fournis en 3G ou en 4G.\u201d<\/i><\/p><p>\u00a0<\/p><p><i>\u201cIl y a encore beaucoup trop de zones blanches dans la campagne, tant pour le t\u00e9l\u00e9phone mobile que pour internet.\u201d<\/i><\/p><p>\u00a0<\/p><p><i>\u201cDans le Morvan le d\u00e9bit est bon lorsque les foyers sont situ\u00e9s \u00e0 proximit\u00e9 d&#8217;un r\u00e9partiteur. Pour tous les autres le d\u00e9bit est tr\u00e8s faible.\u201d<\/i><\/p><p>\u00a0<\/p><p><i>&#8220;La r\u00e9gion\u00a0 a fait\u00a0 des efforts financiers pour que chacun puisse avoir acc\u00e8s\u00a0 \u00e0\u00a0 internet, pour notre part c&#8217;\u00e9tait par radio ce qui fonctionnait tr\u00e8s bien.\u201d<\/i><\/p>\t\t\t\t\t\t<\/div>\n\t\t\t\t<\/div>\n\t\t\t\t\t<\/div>\n\t\t<\/div>\n\t\t\t\t\t\t\t<\/div>\n\t\t<\/section>\n\t\t\t\t\t\t\t<\/div>\n\t\t","protected":false},"excerpt":{"rendered":"<p>A \u2013 Qui a r\u00e9pondu \u00e0 l\u2019enqu\u00eate B \u2013 Le ressenti global C \u2013 Les transports D \u2013 Courses et alimentation E \u2013 Logement F \u2013 \u00c9ducation G \u2013 T\u00e9l\u00e9phonie et Internet H \u2013 Loisirs I \u2013 Nature J \u2013 Sant\u00e9 K \u2013 \u00c9lections G &#8211; T\u00e9l\u00e9phonie et Internet On peut voir que sur les [&hellip;]<\/p>\n","protected":false},"author":1,"featured_media":0,"parent":12,"menu_order":0,"comment_status":"closed","ping_status":"closed","template":"","meta":{"footnotes":""},"class_list":["post-56","page","type-page","status-publish","hentry"],"_links":{"self":[{"href":"https:\/\/enquetecitoyenneavallonnais.fr\/index.php\/wp-json\/wp\/v2\/pages\/56","targetHints":{"allow":["GET"]}}],"collection":[{"href":"https:\/\/enquetecitoyenneavallonnais.fr\/index.php\/wp-json\/wp\/v2\/pages"}],"about":[{"href":"https:\/\/enquetecitoyenneavallonnais.fr\/index.php\/wp-json\/wp\/v2\/types\/page"}],"author":[{"embeddable":true,"href":"https:\/\/enquetecitoyenneavallonnais.fr\/index.php\/wp-json\/wp\/v2\/users\/1"}],"replies":[{"embeddable":true,"href":"https:\/\/enquetecitoyenneavallonnais.fr\/index.php\/wp-json\/wp\/v2\/comments?post=56"}],"version-history":[{"count":10,"href":"https:\/\/enquetecitoyenneavallonnais.fr\/index.php\/wp-json\/wp\/v2\/pages\/56\/revisions"}],"predecessor-version":[{"id":453,"href":"https:\/\/enquetecitoyenneavallonnais.fr\/index.php\/wp-json\/wp\/v2\/pages\/56\/revisions\/453"}],"up":[{"embeddable":true,"href":"https:\/\/enquetecitoyenneavallonnais.fr\/index.php\/wp-json\/wp\/v2\/pages\/12"}],"wp:attachment":[{"href":"https:\/\/enquetecitoyenneavallonnais.fr\/index.php\/wp-json\/wp\/v2\/media?parent=56"}],"curies":[{"name":"wp","href":"https:\/\/api.w.org\/{rel}","templated":true}]}}