{"id":54,"date":"2021-06-07T17:52:09","date_gmt":"2021-06-07T15:52:09","guid":{"rendered":"http:\/\/enquetecitoyenneavallonnais.fr\/?page_id=54"},"modified":"2021-06-23T17:28:10","modified_gmt":"2021-06-23T15:28:10","slug":"f-education","status":"publish","type":"page","link":"https:\/\/enquetecitoyenneavallonnais.fr\/index.php\/lenquete\/f-education\/","title":{"rendered":"F &#8211; \u00c9ducation"},"content":{"rendered":"\t\t<div data-elementor-type=\"wp-page\" data-elementor-id=\"54\" class=\"elementor elementor-54\">\n\t\t\t\t\t\t\t\t\t<section class=\"elementor-section elementor-top-section elementor-element elementor-element-2355d18a elementor-section-full_width elementor-section-content-top elementor-section-height-default elementor-section-height-default\" data-id=\"2355d18a\" data-element_type=\"section\" data-settings=\"{&quot;background_background&quot;:&quot;classic&quot;}\">\n\t\t\t\t\t\t<div class=\"elementor-container elementor-column-gap-default\">\n\t\t\t\t\t<div class=\"elementor-column elementor-col-100 elementor-top-column elementor-element elementor-element-7baad08a\" data-id=\"7baad08a\" data-element_type=\"column\">\n\t\t\t<div class=\"elementor-widget-wrap elementor-element-populated\">\n\t\t\t\t\t\t\t\t<div class=\"elementor-element elementor-element-4dd22fe hfe-nav-menu__align-center hfe-submenu-icon-arrow hfe-submenu-animation-none hfe-link-redirect-child hfe-nav-menu__breakpoint-tablet elementor-widget elementor-widget-navigation-menu\" data-id=\"4dd22fe\" data-element_type=\"widget\" data-widget_type=\"navigation-menu.default\">\n\t\t\t\t<div class=\"elementor-widget-container\">\n\t\t\t\t\t\t<div class=\"hfe-nav-menu hfe-layout-horizontal hfe-nav-menu-layout horizontal hfe-pointer__none\" data-layout=\"horizontal\">\n\t\t\t\t<div class=\"hfe-nav-menu__toggle elementor-clickable\">\n\t\t\t\t\t<div class=\"hfe-nav-menu-icon\">\n\t\t\t\t\t\t<i aria-hidden=\"true\" tabindex=\"0\" class=\"fas fa-align-justify\"><\/i>\t\t\t\t\t<\/div>\n\t\t\t\t<\/div>\n\t\t\t\t<nav class=\"hfe-nav-menu__layout-horizontal hfe-nav-menu__submenu-arrow\" data-toggle-icon=\"&lt;i aria-hidden=&quot;true&quot; tabindex=&quot;0&quot; class=&quot;fas fa-align-justify&quot;&gt;&lt;\/i&gt;\" data-close-icon=\"&lt;i aria-hidden=&quot;true&quot; tabindex=&quot;0&quot; class=&quot;far fa-window-close&quot;&gt;&lt;\/i&gt;\" data-full-width=\"yes\"><ul id=\"menu-1-4dd22fe\" class=\"hfe-nav-menu\"><li id=\"menu-item-92\" class=\"menu-item menu-item-type-post_type menu-item-object-page parent hfe-creative-menu\"><a href=\"https:\/\/enquetecitoyenneavallonnais.fr\/index.php\/lenquete\/a-qui-a-repondu-a-lenquete\/\" class = \"hfe-menu-item\">A \u2013 Qui a r\u00e9pondu \u00e0 l\u2019enqu\u00eate<\/a><\/li>\n<li id=\"menu-item-91\" class=\"menu-item menu-item-type-post_type menu-item-object-page parent hfe-creative-menu\"><a href=\"https:\/\/enquetecitoyenneavallonnais.fr\/index.php\/lenquete\/b-le-ressenti-global\/\" class = \"hfe-menu-item\">B \u2013 Le ressenti global<\/a><\/li>\n<li id=\"menu-item-90\" class=\"menu-item menu-item-type-post_type menu-item-object-page parent hfe-creative-menu\"><a href=\"https:\/\/enquetecitoyenneavallonnais.fr\/index.php\/lenquete\/c-les-transports\/\" class = \"hfe-menu-item\">C \u2013 Les transports<\/a><\/li>\n<li id=\"menu-item-89\" class=\"menu-item menu-item-type-post_type menu-item-object-page parent hfe-creative-menu\"><a href=\"https:\/\/enquetecitoyenneavallonnais.fr\/index.php\/lenquete\/d-courses-et-alimentation\/\" class = \"hfe-menu-item\">D \u2013 Courses et alimentation<\/a><\/li>\n<li id=\"menu-item-88\" class=\"menu-item menu-item-type-post_type menu-item-object-page parent hfe-creative-menu\"><a href=\"https:\/\/enquetecitoyenneavallonnais.fr\/index.php\/lenquete\/e-logement\/\" class = \"hfe-menu-item\">E \u2013 Logement<\/a><\/li>\n<li id=\"menu-item-87\" class=\"menu-item menu-item-type-post_type menu-item-object-page parent hfe-creative-menu\"><a href=\"https:\/\/enquetecitoyenneavallonnais.fr\/index.php\/lenquete\/f-education\/\" class = \"hfe-menu-item\">F \u2013 \u00c9ducation<\/a><\/li>\n<li id=\"menu-item-86\" class=\"menu-item menu-item-type-post_type menu-item-object-page parent hfe-creative-menu\"><a href=\"https:\/\/enquetecitoyenneavallonnais.fr\/index.php\/lenquete\/g-telephonie-et-internet\/\" class = \"hfe-menu-item\">G \u2013 T\u00e9l\u00e9phonie et Internet<\/a><\/li>\n<li id=\"menu-item-85\" class=\"menu-item menu-item-type-post_type menu-item-object-page parent hfe-creative-menu\"><a href=\"https:\/\/enquetecitoyenneavallonnais.fr\/index.php\/lenquete\/h-loisirs\/\" class = \"hfe-menu-item\">H \u2013 Loisirs<\/a><\/li>\n<li id=\"menu-item-84\" class=\"menu-item menu-item-type-post_type menu-item-object-page parent hfe-creative-menu\"><a href=\"https:\/\/enquetecitoyenneavallonnais.fr\/index.php\/lenquete\/i-nature\/\" class = \"hfe-menu-item\">I \u2013 Nature<\/a><\/li>\n<li id=\"menu-item-83\" class=\"menu-item menu-item-type-post_type menu-item-object-page parent hfe-creative-menu\"><a href=\"https:\/\/enquetecitoyenneavallonnais.fr\/index.php\/lenquete\/j-sante\/\" class = \"hfe-menu-item\">J \u2013 Sant\u00e9<\/a><\/li>\n<li id=\"menu-item-82\" class=\"menu-item menu-item-type-post_type menu-item-object-page parent hfe-creative-menu\"><a href=\"https:\/\/enquetecitoyenneavallonnais.fr\/index.php\/lenquete\/k-elections\/\" class = \"hfe-menu-item\">K \u2013 \u00c9lections<\/a><\/li>\n<\/ul><\/nav>              \n\t\t\t<\/div>\n\t\t\t\t\t<\/div>\n\t\t\t\t<\/div>\n\t\t\t\t\t<\/div>\n\t\t<\/div>\n\t\t\t\t\t\t\t<\/div>\n\t\t<\/section>\n\t\t\t\t<section class=\"elementor-section elementor-top-section elementor-element elementor-element-7f75a136 elementor-section-boxed elementor-section-height-default elementor-section-height-default\" data-id=\"7f75a136\" data-element_type=\"section\">\n\t\t\t\t\t\t<div class=\"elementor-container elementor-column-gap-default\">\n\t\t\t\t\t<div class=\"elementor-column elementor-col-100 elementor-top-column elementor-element elementor-element-36cee326\" data-id=\"36cee326\" data-element_type=\"column\">\n\t\t\t<div class=\"elementor-widget-wrap elementor-element-populated\">\n\t\t\t\t\t\t\t\t<div class=\"elementor-element elementor-element-729e9aae elementor-widget elementor-widget-text-editor\" data-id=\"729e9aae\" data-element_type=\"widget\" data-widget_type=\"text-editor.default\">\n\t\t\t\t<div class=\"elementor-widget-container\">\n\t\t\t\t\t\t\t<p>F &#8211; Education<\/p>\t\t\t\t\t\t<\/div>\n\t\t\t\t<\/div>\n\t\t\t\t<div class=\"elementor-element elementor-element-56c08dac elementor-widget elementor-widget-text-editor\" data-id=\"56c08dac\" data-element_type=\"widget\" data-widget_type=\"text-editor.default\">\n\t\t\t\t<div class=\"elementor-widget-container\">\n\t\t\t\t\t\t\t<p>Sur les 241 r\u00e9ponses aux questions concernant l\u2019\u00e9ducation, 37% des personnes interrog\u00e9es se disent concern\u00e9es par les questions scolaires et d\u2019\u00e9ducation.\u00a0<\/p><p>Elles sont majoritairement \u00ab moyennement satisfaites \u00bb par le syst\u00e8me scolaire \u00e0 49%. 17% ne sont pas du tout satisfaites, contre 34% de personnes satisfaites.<\/p>\t\t\t\t\t\t<\/div>\n\t\t\t\t<\/div>\n\t\t\t\t\t<\/div>\n\t\t<\/div>\n\t\t\t\t\t\t\t<\/div>\n\t\t<\/section>\n\t\t\t\t<section class=\"elementor-section elementor-top-section elementor-element elementor-element-7a161333 elementor-section-boxed elementor-section-height-default elementor-section-height-default\" data-id=\"7a161333\" data-element_type=\"section\">\n\t\t\t\t\t\t<div class=\"elementor-container elementor-column-gap-default\">\n\t\t\t\t\t<div class=\"elementor-column elementor-col-100 elementor-top-column elementor-element elementor-element-207f24f4\" data-id=\"207f24f4\" data-element_type=\"column\">\n\t\t\t<div class=\"elementor-widget-wrap elementor-element-populated\">\n\t\t\t\t\t\t\t\t<div class=\"elementor-element elementor-element-5f51062e elementor-widget elementor-widget-image\" data-id=\"5f51062e\" data-element_type=\"widget\" data-widget_type=\"image.default\">\n\t\t\t\t<div class=\"elementor-widget-container\">\n\t\t\t\t\t\t\t\t\t\t\t\t\t\t\t<img loading=\"lazy\" decoding=\"async\" width=\"1452\" height=\"1267\" src=\"https:\/\/enquetecitoyenneavallonnais.fr\/wp-content\/uploads\/2021\/06\/23.png\" class=\"attachment-full size-full\" alt=\"\" srcset=\"https:\/\/enquetecitoyenneavallonnais.fr\/wp-content\/uploads\/2021\/06\/23.png 1452w, https:\/\/enquetecitoyenneavallonnais.fr\/wp-content\/uploads\/2021\/06\/23-300x262.png 300w, https:\/\/enquetecitoyenneavallonnais.fr\/wp-content\/uploads\/2021\/06\/23-1024x894.png 1024w, https:\/\/enquetecitoyenneavallonnais.fr\/wp-content\/uploads\/2021\/06\/23-768x670.png 768w, https:\/\/enquetecitoyenneavallonnais.fr\/wp-content\/uploads\/2021\/06\/23-1200x1047.png 1200w\" sizes=\"auto, (max-width: 1452px) 100vw, 1452px\" \/>\t\t\t\t\t\t\t\t\t\t\t\t\t\t\t<\/div>\n\t\t\t\t<\/div>\n\t\t\t\t\t<\/div>\n\t\t<\/div>\n\t\t\t\t\t\t\t<\/div>\n\t\t<\/section>\n\t\t\t\t<section class=\"elementor-section elementor-top-section elementor-element elementor-element-79fc5e52 elementor-section-boxed elementor-section-height-default elementor-section-height-default\" data-id=\"79fc5e52\" data-element_type=\"section\">\n\t\t\t\t\t\t<div class=\"elementor-container elementor-column-gap-default\">\n\t\t\t\t\t<div class=\"elementor-column elementor-col-100 elementor-top-column elementor-element elementor-element-47edd229\" data-id=\"47edd229\" data-element_type=\"column\">\n\t\t\t<div class=\"elementor-widget-wrap elementor-element-populated\">\n\t\t\t\t\t\t\t\t<div class=\"elementor-element elementor-element-3d32400b elementor-widget elementor-widget-text-editor\" data-id=\"3d32400b\" data-element_type=\"widget\" data-widget_type=\"text-editor.default\">\n\t\t\t\t<div class=\"elementor-widget-container\">\n\t\t\t\t\t\t\t<p>Pouvez-vous pr\u00e9ciser ?<\/p>\t\t\t\t\t\t<\/div>\n\t\t\t\t<\/div>\n\t\t\t\t\t<\/div>\n\t\t<\/div>\n\t\t\t\t\t\t\t<\/div>\n\t\t<\/section>\n\t\t\t\t<section class=\"elementor-section elementor-top-section elementor-element elementor-element-5c168c48 elementor-section-boxed elementor-section-height-default elementor-section-height-default\" data-id=\"5c168c48\" data-element_type=\"section\">\n\t\t\t\t\t\t<div class=\"elementor-container elementor-column-gap-default\">\n\t\t\t\t\t<div class=\"elementor-column elementor-col-100 elementor-top-column elementor-element elementor-element-11602e28\" data-id=\"11602e28\" data-element_type=\"column\">\n\t\t\t<div class=\"elementor-widget-wrap elementor-element-populated\">\n\t\t\t\t\t\t\t\t<div class=\"elementor-element elementor-element-1e53046e elementor-widget elementor-widget-image\" data-id=\"1e53046e\" data-element_type=\"widget\" data-widget_type=\"image.default\">\n\t\t\t\t<div class=\"elementor-widget-container\">\n\t\t\t\t\t\t\t\t\t\t\t\t\t\t\t<img loading=\"lazy\" decoding=\"async\" width=\"424\" height=\"253\" src=\"https:\/\/enquetecitoyenneavallonnais.fr\/wp-content\/uploads\/2021\/06\/7-1.png\" class=\"attachment-full size-full\" alt=\"\" srcset=\"https:\/\/enquetecitoyenneavallonnais.fr\/wp-content\/uploads\/2021\/06\/7-1.png 424w, https:\/\/enquetecitoyenneavallonnais.fr\/wp-content\/uploads\/2021\/06\/7-1-300x179.png 300w\" sizes=\"auto, (max-width: 424px) 100vw, 424px\" \/>\t\t\t\t\t\t\t\t\t\t\t\t\t\t\t<\/div>\n\t\t\t\t<\/div>\n\t\t\t\t\t<\/div>\n\t\t<\/div>\n\t\t\t\t\t\t\t<\/div>\n\t\t<\/section>\n\t\t\t\t<section class=\"elementor-section elementor-top-section elementor-element elementor-element-9b066a4 elementor-section-boxed elementor-section-height-default elementor-section-height-default\" data-id=\"9b066a4\" data-element_type=\"section\">\n\t\t\t\t\t\t<div class=\"elementor-container elementor-column-gap-default\">\n\t\t\t\t\t<div class=\"elementor-column elementor-col-100 elementor-top-column elementor-element elementor-element-deacfb2\" data-id=\"deacfb2\" data-element_type=\"column\">\n\t\t\t<div class=\"elementor-widget-wrap elementor-element-populated\">\n\t\t\t\t\t\t\t\t<div class=\"elementor-element elementor-element-090285a elementor-widget elementor-widget-text-editor\" data-id=\"090285a\" data-element_type=\"widget\" data-widget_type=\"text-editor.default\">\n\t\t\t\t<div class=\"elementor-widget-container\">\n\t\t\t\t\t\t\t<p>A noter : seules 101 personnes ont r\u00e9pondu \u00e0 cette question.<\/p><p>L\u2019inqui\u00e9tude des 66% de r\u00e9pondants \u00e0 cette enqu\u00eate \u00e9mettant des r\u00e9serves sur le syst\u00e8me \u00e9ducatif, porte essentiellement sur (du plus au moins fr\u00e9quent) :<\/p><p>&gt; le manque de choix pour la poursuite d\u2019\u00e9tudes \u00e0 partir de la 2nde, et le faible nombre de sp\u00e9cialit\u00e9s \u00e0 partir de la 1\u00e8re dans l\u2019enseignement public.<\/p><p>&gt; les fermetures de classes et d\u2019\u00e9coles primaires depuis plusieurs ann\u00e9es, de la maternelle au secondaire, qui entra\u00eenent une augmentation des effectifs dans les classes et les \u00e9coles restantes. Au fil des ann\u00e9es, plusieurs petites \u00e9coles ont ferm\u00e9 pour \u00eatre remplac\u00e9es par de gros regroupements scolaires qui appauvrissent l\u2019offre de service public au sein des villages.<\/p><p>&gt; les cantines, o\u00f9 les enfants ne mangent pas assez souvent bio, local et de qualit\u00e9.<\/p><p>&gt; pas assez d\u2019efforts pour sensibiliser les jeunes \u00e0 la nature, \u00e0 l\u2019environnement et \u00e0 l\u2019alimentation.<\/p><p>&gt; le manque d\u2019alternatives p\u00e9dagogiques, avec un tr\u00e8s faible choix d\u2019\u00e9coles alternatives.<\/p><p>&gt; le probl\u00e8me de l\u2019accueil pour les \u00e9l\u00e8ves en difficult\u00e9 et handicap\u00e9s : pas assez de personnels form\u00e9s, et pas assez de place.<\/p><p>&gt; le t\u00e9l\u00e9travail rendu difficile pendant les confinements successifs en raison de la fracture num\u00e9rique (pas assez d\u2019ordinateurs et faible d\u00e9bit du r\u00e9seau).<\/p>\t\t\t\t\t\t<\/div>\n\t\t\t\t<\/div>\n\t\t\t\t\t<\/div>\n\t\t<\/div>\n\t\t\t\t\t\t\t<\/div>\n\t\t<\/section>\n\t\t\t\t<section class=\"elementor-section elementor-top-section elementor-element elementor-element-529fbcc7 elementor-section-boxed elementor-section-height-default elementor-section-height-default\" data-id=\"529fbcc7\" data-element_type=\"section\">\n\t\t\t\t\t\t<div class=\"elementor-container elementor-column-gap-default\">\n\t\t\t\t\t<div class=\"elementor-column elementor-col-100 elementor-top-column elementor-element elementor-element-7878c3c5\" data-id=\"7878c3c5\" data-element_type=\"column\">\n\t\t\t<div class=\"elementor-widget-wrap elementor-element-populated\">\n\t\t\t\t\t\t\t\t<div class=\"elementor-element elementor-element-388dc13 elementor-widget elementor-widget-text-editor\" data-id=\"388dc13\" data-element_type=\"widget\" data-widget_type=\"text-editor.default\">\n\t\t\t\t<div class=\"elementor-widget-container\">\n\t\t\t\t\t\t\t<h3><b>T\u00e9moignages :<\/b><\/h3>\t\t\t\t\t\t<\/div>\n\t\t\t\t<\/div>\n\t\t\t\t<div class=\"elementor-element elementor-element-284de514 elementor-widget elementor-widget-text-editor\" data-id=\"284de514\" data-element_type=\"widget\" data-widget_type=\"text-editor.default\">\n\t\t\t\t<div class=\"elementor-widget-container\">\n\t\t\t\t\t\t\t<p><i>\u00ab Je regrette la disparition du maillage des petites \u00e9coles rurales publiques. Cela rend quasi impossible l&#8217;installation de jeunes parents dans certaines communes. \u00bb<\/i><\/p><p>\u00a0<\/p><p><i>\u00a0\u00ab J\u2019ai un enfant au coll\u00e8ge de Lormes dans une classe de 20 \u00e9l\u00e8ves ! Et une lyc\u00e9enne au lyc\u00e9e de Clamecy qui est ravie ! \u00bb<\/i><\/p><p>\u00a0<\/p><p><i>\u00a0\u00ab La question de la nature et des questions d&#8217;environnement n&#8217;est pas pr\u00e9vue (en tout cas cela d\u00e9pend des go\u00fbts des enseignants). Je ne vois pas comment faire \u00e9voluer la soci\u00e9t\u00e9 et nos mod\u00e8les \u00e9conomiques si \u00e7a ne passe pas par l&#8217;\u00e9cole. \u00bb<\/i><\/p><p>\u00a0<\/p><p><i>\u00a0\u00ab Pas de formation technique. Quand RKS voulait recruter des CAP de m\u00e9canique, l&#8217;entreprise n&#8217;a trouv\u00e9 que des CAP de p\u00e2tissiers ! \u00bb<\/i><\/p><p>\u00a0<\/p><p><i>\u00a0\u00ab Manque d&#8217;\u00e9coles professionnelles en particulier en relation avec les ressources et les besoins locaux ; manque d&#8217;\u00e9coles sup\u00e9rieures \u00e0 moins de 100 km (Dijon). \u00bb<\/i><\/p><p>\u00a0<\/p><p><i>\u00a0\u00ab Nombre des options propos\u00e9es avec la r\u00e9forme du bac peut-\u00eatre probl\u00e9matique, si on veut garder les enfants dans notre r\u00e9gion. \u00bb<\/i><\/p><p>\u00a0<\/p><p><i>\u00a0\u00ab Nous sommes loin de tout, nous n\u2019avons pas d\u2019autre branche que le commerce ou la section g\u00e9n\u00e9rale ! On est oblig\u00e9 de partir \u00e0 minimum 1h de route pour faire des \u00e9tudes.\u00bb<\/i><\/p><p>\u00a0<\/p><p><i>\u00a0\u00ab Je suis pour des temps de classe diminu\u00e9s et des activit\u00e9s multipli\u00e9es : sport, th\u00e9\u00e2tre, aller aux champignons, musique, poterie. Que nos enfants mangent autre chose que de la nourriture qui fait mourir. Qu\u2019ils ne passent pas 6 heures minimum par jour sur une chaise. Que les enseignants puissent \u00eatre \u00e0 l\u2019\u00e9coute de leurs besoins fondamentaux : \u00eatre, jouer, imaginer, r\u00e9fl\u00e9chir, rire, courir, respirer\u2026 \u00bb<\/i><\/p>\t\t\t\t\t\t<\/div>\n\t\t\t\t<\/div>\n\t\t\t\t\t<\/div>\n\t\t<\/div>\n\t\t\t\t\t\t\t<\/div>\n\t\t<\/section>\n\t\t\t\t<section class=\"elementor-section elementor-top-section elementor-element elementor-element-95be910 elementor-section-boxed elementor-section-height-default elementor-section-height-default\" data-id=\"95be910\" data-element_type=\"section\">\n\t\t\t\t\t\t<div class=\"elementor-container elementor-column-gap-default\">\n\t\t\t\t\t<div class=\"elementor-column elementor-col-100 elementor-top-column elementor-element elementor-element-f4d6def\" data-id=\"f4d6def\" data-element_type=\"column\">\n\t\t\t<div class=\"elementor-widget-wrap elementor-element-populated\">\n\t\t\t\t\t\t\t\t<div class=\"elementor-element elementor-element-c8e26de elementor-widget elementor-widget-text-editor\" data-id=\"c8e26de\" data-element_type=\"widget\" data-widget_type=\"text-editor.default\">\n\t\t\t\t<div class=\"elementor-widget-container\">\n\t\t\t\t\t\t\t<p>Enfin, un large choix d\u2019activit\u00e9s extra-scolaires\u00a0 est propos\u00e9 : 49% des r\u00e9pondants disent que leurs enfants participent \u00e0 des activit\u00e9s sportives et culturelles.<\/p>\t\t\t\t\t\t<\/div>\n\t\t\t\t<\/div>\n\t\t\t\t\t<\/div>\n\t\t<\/div>\n\t\t\t\t\t\t\t<\/div>\n\t\t<\/section>\n\t\t\t\t<section class=\"elementor-section elementor-top-section elementor-element elementor-element-4b874356 elementor-section-boxed elementor-section-height-default elementor-section-height-default\" data-id=\"4b874356\" data-element_type=\"section\">\n\t\t\t\t\t\t<div class=\"elementor-container elementor-column-gap-default\">\n\t\t\t\t\t<div class=\"elementor-column elementor-col-100 elementor-top-column elementor-element elementor-element-b3ed431\" data-id=\"b3ed431\" data-element_type=\"column\">\n\t\t\t<div class=\"elementor-widget-wrap elementor-element-populated\">\n\t\t\t\t\t\t\t\t<div class=\"elementor-element elementor-element-5f38a850 elementor-widget elementor-widget-image\" data-id=\"5f38a850\" data-element_type=\"widget\" data-widget_type=\"image.default\">\n\t\t\t\t<div class=\"elementor-widget-container\">\n\t\t\t\t\t\t\t\t\t\t\t\t\t\t\t<img loading=\"lazy\" decoding=\"async\" width=\"1278\" height=\"1184\" src=\"https:\/\/enquetecitoyenneavallonnais.fr\/wp-content\/uploads\/2021\/06\/24.png\" class=\"attachment-full size-full\" alt=\"\" srcset=\"https:\/\/enquetecitoyenneavallonnais.fr\/wp-content\/uploads\/2021\/06\/24.png 1278w, https:\/\/enquetecitoyenneavallonnais.fr\/wp-content\/uploads\/2021\/06\/24-300x278.png 300w, https:\/\/enquetecitoyenneavallonnais.fr\/wp-content\/uploads\/2021\/06\/24-1024x949.png 1024w, https:\/\/enquetecitoyenneavallonnais.fr\/wp-content\/uploads\/2021\/06\/24-768x712.png 768w, https:\/\/enquetecitoyenneavallonnais.fr\/wp-content\/uploads\/2021\/06\/24-1200x1112.png 1200w\" sizes=\"auto, (max-width: 1278px) 100vw, 1278px\" \/>\t\t\t\t\t\t\t\t\t\t\t\t\t\t\t<\/div>\n\t\t\t\t<\/div>\n\t\t\t\t\t<\/div>\n\t\t<\/div>\n\t\t\t\t\t\t\t<\/div>\n\t\t<\/section>\n\t\t\t\t<section class=\"elementor-section elementor-top-section elementor-element elementor-element-e582260 elementor-section-boxed elementor-section-height-default elementor-section-height-default\" data-id=\"e582260\" data-element_type=\"section\">\n\t\t\t\t\t\t<div class=\"elementor-container elementor-column-gap-default\">\n\t\t\t\t\t<div class=\"elementor-column elementor-col-100 elementor-top-column elementor-element elementor-element-604a3b1\" data-id=\"604a3b1\" data-element_type=\"column\">\n\t\t\t<div class=\"elementor-widget-wrap elementor-element-populated\">\n\t\t\t\t\t\t\t\t<div class=\"elementor-element elementor-element-796f219 elementor-widget elementor-widget-text-editor\" data-id=\"796f219\" data-element_type=\"widget\" data-widget_type=\"text-editor.default\">\n\t\t\t\t<div class=\"elementor-widget-container\">\n\t\t\t\t\t\t\t<p>Si oui, lesquelles ?<\/p>\t\t\t\t\t\t<\/div>\n\t\t\t\t<\/div>\n\t\t\t\t\t<\/div>\n\t\t<\/div>\n\t\t\t\t\t\t\t<\/div>\n\t\t<\/section>\n\t\t\t\t<section class=\"elementor-section elementor-top-section elementor-element elementor-element-6f4be10a elementor-section-boxed elementor-section-height-default elementor-section-height-default\" data-id=\"6f4be10a\" data-element_type=\"section\">\n\t\t\t\t\t\t<div class=\"elementor-container elementor-column-gap-default\">\n\t\t\t\t\t<div class=\"elementor-column elementor-col-100 elementor-top-column elementor-element elementor-element-65268a0f\" data-id=\"65268a0f\" data-element_type=\"column\">\n\t\t\t<div class=\"elementor-widget-wrap elementor-element-populated\">\n\t\t\t\t\t\t\t\t<div class=\"elementor-element elementor-element-7cbf4322 elementor-widget elementor-widget-image\" data-id=\"7cbf4322\" data-element_type=\"widget\" data-widget_type=\"image.default\">\n\t\t\t\t<div class=\"elementor-widget-container\">\n\t\t\t\t\t\t\t\t\t\t\t\t\t\t\t<img loading=\"lazy\" decoding=\"async\" width=\"1908\" height=\"1496\" src=\"https:\/\/enquetecitoyenneavallonnais.fr\/wp-content\/uploads\/2021\/06\/8-1.png\" class=\"attachment-full size-full\" alt=\"\" srcset=\"https:\/\/enquetecitoyenneavallonnais.fr\/wp-content\/uploads\/2021\/06\/8-1.png 1908w, https:\/\/enquetecitoyenneavallonnais.fr\/wp-content\/uploads\/2021\/06\/8-1-300x235.png 300w, https:\/\/enquetecitoyenneavallonnais.fr\/wp-content\/uploads\/2021\/06\/8-1-1024x803.png 1024w, https:\/\/enquetecitoyenneavallonnais.fr\/wp-content\/uploads\/2021\/06\/8-1-768x602.png 768w, https:\/\/enquetecitoyenneavallonnais.fr\/wp-content\/uploads\/2021\/06\/8-1-1536x1204.png 1536w, https:\/\/enquetecitoyenneavallonnais.fr\/wp-content\/uploads\/2021\/06\/8-1-1200x941.png 1200w\" sizes=\"auto, (max-width: 1908px) 100vw, 1908px\" \/>\t\t\t\t\t\t\t\t\t\t\t\t\t\t\t<\/div>\n\t\t\t\t<\/div>\n\t\t\t\t\t<\/div>\n\t\t<\/div>\n\t\t\t\t\t\t\t<\/div>\n\t\t<\/section>\n\t\t\t\t<section class=\"elementor-section elementor-top-section elementor-element elementor-element-5ffa723 elementor-section-boxed elementor-section-height-default elementor-section-height-default\" data-id=\"5ffa723\" data-element_type=\"section\">\n\t\t\t\t\t\t<div class=\"elementor-container elementor-column-gap-default\">\n\t\t\t\t\t<div class=\"elementor-column elementor-col-100 elementor-top-column elementor-element elementor-element-5489f03\" data-id=\"5489f03\" data-element_type=\"column\">\n\t\t\t<div class=\"elementor-widget-wrap elementor-element-populated\">\n\t\t\t\t\t\t\t\t<div class=\"elementor-element elementor-element-1295db6 elementor-widget elementor-widget-text-editor\" data-id=\"1295db6\" data-element_type=\"widget\" data-widget_type=\"text-editor.default\">\n\t\t\t\t<div class=\"elementor-widget-container\">\n\t\t\t\t\t\t\t<p><span style=\"text-decoration: underline;\">Si non, pourquoi?<\/span><\/p><p>Ceux qui n\u2019inscrivent pas leurs enfants \u00e0 des activit\u00e9s extra-scolaires l\u2019expliquent par le fait que les activit\u00e9s propos\u00e9es ne sont pas toujours adapt\u00e9es \u00e0 l\u2019\u00e2ge de leurs enfants. Arrivent ensuite le probl\u00e8me de l\u2019\u00e9loignement et un \u201cmanque d\u2019offre de qualit\u00e9\u201d.<\/p>\t\t\t\t\t\t<\/div>\n\t\t\t\t<\/div>\n\t\t\t\t\t<\/div>\n\t\t<\/div>\n\t\t\t\t\t\t\t<\/div>\n\t\t<\/section>\n\t\t\t\t\t\t\t<\/div>\n\t\t","protected":false},"excerpt":{"rendered":"<p>A \u2013 Qui a r\u00e9pondu \u00e0 l\u2019enqu\u00eate B \u2013 Le ressenti global C \u2013 Les transports D \u2013 Courses et alimentation E \u2013 Logement F \u2013 \u00c9ducation G \u2013 T\u00e9l\u00e9phonie et Internet H \u2013 Loisirs I \u2013 Nature J \u2013 Sant\u00e9 K \u2013 \u00c9lections F &#8211; Education Sur les 241 r\u00e9ponses aux questions concernant l\u2019\u00e9ducation, [&hellip;]<\/p>\n","protected":false},"author":1,"featured_media":0,"parent":12,"menu_order":0,"comment_status":"closed","ping_status":"closed","template":"","meta":{"footnotes":""},"class_list":["post-54","page","type-page","status-publish","hentry"],"_links":{"self":[{"href":"https:\/\/enquetecitoyenneavallonnais.fr\/index.php\/wp-json\/wp\/v2\/pages\/54","targetHints":{"allow":["GET"]}}],"collection":[{"href":"https:\/\/enquetecitoyenneavallonnais.fr\/index.php\/wp-json\/wp\/v2\/pages"}],"about":[{"href":"https:\/\/enquetecitoyenneavallonnais.fr\/index.php\/wp-json\/wp\/v2\/types\/page"}],"author":[{"embeddable":true,"href":"https:\/\/enquetecitoyenneavallonnais.fr\/index.php\/wp-json\/wp\/v2\/users\/1"}],"replies":[{"embeddable":true,"href":"https:\/\/enquetecitoyenneavallonnais.fr\/index.php\/wp-json\/wp\/v2\/comments?post=54"}],"version-history":[{"count":10,"href":"https:\/\/enquetecitoyenneavallonnais.fr\/index.php\/wp-json\/wp\/v2\/pages\/54\/revisions"}],"predecessor-version":[{"id":468,"href":"https:\/\/enquetecitoyenneavallonnais.fr\/index.php\/wp-json\/wp\/v2\/pages\/54\/revisions\/468"}],"up":[{"embeddable":true,"href":"https:\/\/enquetecitoyenneavallonnais.fr\/index.php\/wp-json\/wp\/v2\/pages\/12"}],"wp:attachment":[{"href":"https:\/\/enquetecitoyenneavallonnais.fr\/index.php\/wp-json\/wp\/v2\/media?parent=54"}],"curies":[{"name":"wp","href":"https:\/\/api.w.org\/{rel}","templated":true}]}}