{"id":50,"date":"2021-06-07T17:51:22","date_gmt":"2021-06-07T15:51:22","guid":{"rendered":"http:\/\/enquetecitoyenneavallonnais.fr\/?page_id=50"},"modified":"2021-06-23T17:27:29","modified_gmt":"2021-06-23T15:27:29","slug":"d-courses-et-alimentation","status":"publish","type":"page","link":"https:\/\/enquetecitoyenneavallonnais.fr\/index.php\/lenquete\/d-courses-et-alimentation\/","title":{"rendered":"D &#8211; Courses et alimentation"},"content":{"rendered":"\t\t<div data-elementor-type=\"wp-page\" data-elementor-id=\"50\" class=\"elementor elementor-50\">\n\t\t\t\t\t\t\t\t\t<section class=\"elementor-section elementor-top-section elementor-element elementor-element-2169bb37 elementor-section-full_width elementor-section-content-top elementor-section-height-default elementor-section-height-default\" data-id=\"2169bb37\" data-element_type=\"section\" data-settings=\"{&quot;background_background&quot;:&quot;classic&quot;}\">\n\t\t\t\t\t\t<div class=\"elementor-container elementor-column-gap-default\">\n\t\t\t\t\t<div class=\"elementor-column elementor-col-100 elementor-top-column elementor-element elementor-element-3ce8aadf\" data-id=\"3ce8aadf\" data-element_type=\"column\">\n\t\t\t<div class=\"elementor-widget-wrap elementor-element-populated\">\n\t\t\t\t\t\t\t\t<div class=\"elementor-element elementor-element-7dae9978 hfe-nav-menu__align-center hfe-submenu-icon-arrow hfe-submenu-animation-none hfe-link-redirect-child hfe-nav-menu__breakpoint-tablet elementor-widget elementor-widget-navigation-menu\" data-id=\"7dae9978\" data-element_type=\"widget\" data-widget_type=\"navigation-menu.default\">\n\t\t\t\t<div class=\"elementor-widget-container\">\n\t\t\t\t\t\t<div class=\"hfe-nav-menu hfe-layout-horizontal hfe-nav-menu-layout horizontal hfe-pointer__none\" data-layout=\"horizontal\">\n\t\t\t\t<div class=\"hfe-nav-menu__toggle elementor-clickable\">\n\t\t\t\t\t<div class=\"hfe-nav-menu-icon\">\n\t\t\t\t\t\t<i aria-hidden=\"true\" tabindex=\"0\" class=\"fas fa-align-justify\"><\/i>\t\t\t\t\t<\/div>\n\t\t\t\t<\/div>\n\t\t\t\t<nav class=\"hfe-nav-menu__layout-horizontal hfe-nav-menu__submenu-arrow\" data-toggle-icon=\"&lt;i aria-hidden=&quot;true&quot; tabindex=&quot;0&quot; class=&quot;fas fa-align-justify&quot;&gt;&lt;\/i&gt;\" data-close-icon=\"&lt;i aria-hidden=&quot;true&quot; tabindex=&quot;0&quot; class=&quot;far fa-window-close&quot;&gt;&lt;\/i&gt;\" data-full-width=\"yes\"><ul id=\"menu-1-7dae9978\" class=\"hfe-nav-menu\"><li id=\"menu-item-92\" class=\"menu-item menu-item-type-post_type menu-item-object-page parent hfe-creative-menu\"><a href=\"https:\/\/enquetecitoyenneavallonnais.fr\/index.php\/lenquete\/a-qui-a-repondu-a-lenquete\/\" class = \"hfe-menu-item\">A \u2013 Qui a r\u00e9pondu \u00e0 l\u2019enqu\u00eate<\/a><\/li>\n<li id=\"menu-item-91\" class=\"menu-item menu-item-type-post_type menu-item-object-page parent hfe-creative-menu\"><a href=\"https:\/\/enquetecitoyenneavallonnais.fr\/index.php\/lenquete\/b-le-ressenti-global\/\" class = \"hfe-menu-item\">B \u2013 Le ressenti global<\/a><\/li>\n<li id=\"menu-item-90\" class=\"menu-item menu-item-type-post_type menu-item-object-page parent hfe-creative-menu\"><a href=\"https:\/\/enquetecitoyenneavallonnais.fr\/index.php\/lenquete\/c-les-transports\/\" class = \"hfe-menu-item\">C \u2013 Les transports<\/a><\/li>\n<li id=\"menu-item-89\" class=\"menu-item menu-item-type-post_type menu-item-object-page parent hfe-creative-menu\"><a href=\"https:\/\/enquetecitoyenneavallonnais.fr\/index.php\/lenquete\/d-courses-et-alimentation\/\" class = \"hfe-menu-item\">D \u2013 Courses et alimentation<\/a><\/li>\n<li id=\"menu-item-88\" class=\"menu-item menu-item-type-post_type menu-item-object-page parent hfe-creative-menu\"><a href=\"https:\/\/enquetecitoyenneavallonnais.fr\/index.php\/lenquete\/e-logement\/\" class = \"hfe-menu-item\">E \u2013 Logement<\/a><\/li>\n<li id=\"menu-item-87\" class=\"menu-item menu-item-type-post_type menu-item-object-page parent hfe-creative-menu\"><a href=\"https:\/\/enquetecitoyenneavallonnais.fr\/index.php\/lenquete\/f-education\/\" class = \"hfe-menu-item\">F \u2013 \u00c9ducation<\/a><\/li>\n<li id=\"menu-item-86\" class=\"menu-item menu-item-type-post_type menu-item-object-page parent hfe-creative-menu\"><a href=\"https:\/\/enquetecitoyenneavallonnais.fr\/index.php\/lenquete\/g-telephonie-et-internet\/\" class = \"hfe-menu-item\">G \u2013 T\u00e9l\u00e9phonie et Internet<\/a><\/li>\n<li id=\"menu-item-85\" class=\"menu-item menu-item-type-post_type menu-item-object-page parent hfe-creative-menu\"><a href=\"https:\/\/enquetecitoyenneavallonnais.fr\/index.php\/lenquete\/h-loisirs\/\" class = \"hfe-menu-item\">H \u2013 Loisirs<\/a><\/li>\n<li id=\"menu-item-84\" class=\"menu-item menu-item-type-post_type menu-item-object-page parent hfe-creative-menu\"><a href=\"https:\/\/enquetecitoyenneavallonnais.fr\/index.php\/lenquete\/i-nature\/\" class = \"hfe-menu-item\">I \u2013 Nature<\/a><\/li>\n<li id=\"menu-item-83\" class=\"menu-item menu-item-type-post_type menu-item-object-page parent hfe-creative-menu\"><a href=\"https:\/\/enquetecitoyenneavallonnais.fr\/index.php\/lenquete\/j-sante\/\" class = \"hfe-menu-item\">J \u2013 Sant\u00e9<\/a><\/li>\n<li id=\"menu-item-82\" class=\"menu-item menu-item-type-post_type menu-item-object-page parent hfe-creative-menu\"><a href=\"https:\/\/enquetecitoyenneavallonnais.fr\/index.php\/lenquete\/k-elections\/\" class = \"hfe-menu-item\">K \u2013 \u00c9lections<\/a><\/li>\n<\/ul><\/nav>              \n\t\t\t<\/div>\n\t\t\t\t\t<\/div>\n\t\t\t\t<\/div>\n\t\t\t\t\t<\/div>\n\t\t<\/div>\n\t\t\t\t\t\t\t<\/div>\n\t\t<\/section>\n\t\t\t\t<section class=\"elementor-section elementor-top-section elementor-element elementor-element-5301e7f4 elementor-section-boxed elementor-section-height-default elementor-section-height-default\" data-id=\"5301e7f4\" data-element_type=\"section\">\n\t\t\t\t\t\t<div class=\"elementor-container elementor-column-gap-default\">\n\t\t\t\t\t<div class=\"elementor-column elementor-col-100 elementor-top-column elementor-element elementor-element-7e5a6ff3\" data-id=\"7e5a6ff3\" data-element_type=\"column\">\n\t\t\t<div class=\"elementor-widget-wrap elementor-element-populated\">\n\t\t\t\t\t\t\t\t<div class=\"elementor-element elementor-element-1804ebb5 elementor-widget elementor-widget-text-editor\" data-id=\"1804ebb5\" data-element_type=\"widget\" data-widget_type=\"text-editor.default\">\n\t\t\t\t<div class=\"elementor-widget-container\">\n\t\t\t\t\t\t\t<p><b>D &#8211; Courses et alimentation<\/b><\/p>\t\t\t\t\t\t<\/div>\n\t\t\t\t<\/div>\n\t\t\t\t<div class=\"elementor-element elementor-element-6e0625b9 elementor-widget elementor-widget-text-editor\" data-id=\"6e0625b9\" data-element_type=\"widget\" data-widget_type=\"text-editor.default\">\n\t\t\t\t<div class=\"elementor-widget-container\">\n\t\t\t\t\t\t\t<p>Le moyen de transport le plus utilis\u00e9 pour faire ses courses est la voiture, suivi faiblement par la marche \u00e0 pied.\u00a0<\/p>\t\t\t\t\t\t<\/div>\n\t\t\t\t<\/div>\n\t\t\t\t\t<\/div>\n\t\t<\/div>\n\t\t\t\t\t\t\t<\/div>\n\t\t<\/section>\n\t\t\t\t<section class=\"elementor-section elementor-top-section elementor-element elementor-element-7930130d elementor-section-boxed elementor-section-height-default elementor-section-height-default\" data-id=\"7930130d\" data-element_type=\"section\">\n\t\t\t\t\t\t<div class=\"elementor-container elementor-column-gap-default\">\n\t\t\t\t\t<div class=\"elementor-column elementor-col-100 elementor-top-column elementor-element elementor-element-7b1c4f78\" data-id=\"7b1c4f78\" data-element_type=\"column\">\n\t\t\t<div class=\"elementor-widget-wrap elementor-element-populated\">\n\t\t\t\t\t\t\t\t<div class=\"elementor-element elementor-element-599aba0a elementor-widget elementor-widget-image\" data-id=\"599aba0a\" data-element_type=\"widget\" data-widget_type=\"image.default\">\n\t\t\t\t<div class=\"elementor-widget-container\">\n\t\t\t\t\t\t\t\t\t\t\t\t\t\t\t<img loading=\"lazy\" decoding=\"async\" width=\"1086\" height=\"1437\" src=\"https:\/\/enquetecitoyenneavallonnais.fr\/wp-content\/uploads\/2021\/06\/12.png\" class=\"attachment-full size-full\" alt=\"\" srcset=\"https:\/\/enquetecitoyenneavallonnais.fr\/wp-content\/uploads\/2021\/06\/12.png 1086w, https:\/\/enquetecitoyenneavallonnais.fr\/wp-content\/uploads\/2021\/06\/12-227x300.png 227w, https:\/\/enquetecitoyenneavallonnais.fr\/wp-content\/uploads\/2021\/06\/12-774x1024.png 774w, https:\/\/enquetecitoyenneavallonnais.fr\/wp-content\/uploads\/2021\/06\/12-768x1016.png 768w\" sizes=\"auto, (max-width: 1086px) 100vw, 1086px\" \/>\t\t\t\t\t\t\t\t\t\t\t\t\t\t\t<\/div>\n\t\t\t\t<\/div>\n\t\t\t\t\t<\/div>\n\t\t<\/div>\n\t\t\t\t\t\t\t<\/div>\n\t\t<\/section>\n\t\t\t\t<section class=\"elementor-section elementor-top-section elementor-element elementor-element-6e39a6b elementor-section-boxed elementor-section-height-default elementor-section-height-default\" data-id=\"6e39a6b\" data-element_type=\"section\">\n\t\t\t\t\t\t<div class=\"elementor-container elementor-column-gap-default\">\n\t\t\t\t\t<div class=\"elementor-column elementor-col-100 elementor-top-column elementor-element elementor-element-db15e3a\" data-id=\"db15e3a\" data-element_type=\"column\">\n\t\t\t<div class=\"elementor-widget-wrap elementor-element-populated\">\n\t\t\t\t\t\t\t\t<div class=\"elementor-element elementor-element-0b0a142 elementor-widget elementor-widget-text-editor\" data-id=\"0b0a142\" data-element_type=\"widget\" data-widget_type=\"text-editor.default\">\n\t\t\t\t<div class=\"elementor-widget-container\">\n\t\t\t\t\t\t\t<p>Cela para\u00eet coh\u00e9rent avec le fait que les lieux d\u2019approvisionnement sont en majorit\u00e9 \u00e9loign\u00e9s des lieux de vie en milieu rural. Cependant, les personnes habitant les centres-villes peuvent plus facilement faire leurs courses sans utiliser leur v\u00e9hicule, au march\u00e9 ou dans les \u00e9piceries par exemple.<\/p>\t\t\t\t\t\t<\/div>\n\t\t\t\t<\/div>\n\t\t\t\t\t<\/div>\n\t\t<\/div>\n\t\t\t\t\t\t\t<\/div>\n\t\t<\/section>\n\t\t\t\t<section class=\"elementor-section elementor-top-section elementor-element elementor-element-5383d74d elementor-section-boxed elementor-section-height-default elementor-section-height-default\" data-id=\"5383d74d\" data-element_type=\"section\">\n\t\t\t\t\t\t<div class=\"elementor-container elementor-column-gap-default\">\n\t\t\t\t\t<div class=\"elementor-column elementor-col-100 elementor-top-column elementor-element elementor-element-1f666a80\" data-id=\"1f666a80\" data-element_type=\"column\">\n\t\t\t<div class=\"elementor-widget-wrap elementor-element-populated\">\n\t\t\t\t\t\t\t\t<div class=\"elementor-element elementor-element-732b2ddf elementor-widget elementor-widget-image\" data-id=\"732b2ddf\" data-element_type=\"widget\" data-widget_type=\"image.default\">\n\t\t\t\t<div class=\"elementor-widget-container\">\n\t\t\t\t\t\t\t\t\t\t\t\t\t\t\t<img loading=\"lazy\" decoding=\"async\" width=\"1090\" height=\"1142\" src=\"https:\/\/enquetecitoyenneavallonnais.fr\/wp-content\/uploads\/2021\/06\/13.png\" class=\"attachment-full size-full\" alt=\"\" srcset=\"https:\/\/enquetecitoyenneavallonnais.fr\/wp-content\/uploads\/2021\/06\/13.png 1090w, https:\/\/enquetecitoyenneavallonnais.fr\/wp-content\/uploads\/2021\/06\/13-286x300.png 286w, https:\/\/enquetecitoyenneavallonnais.fr\/wp-content\/uploads\/2021\/06\/13-977x1024.png 977w, https:\/\/enquetecitoyenneavallonnais.fr\/wp-content\/uploads\/2021\/06\/13-768x805.png 768w\" sizes=\"auto, (max-width: 1090px) 100vw, 1090px\" \/>\t\t\t\t\t\t\t\t\t\t\t\t\t\t\t<\/div>\n\t\t\t\t<\/div>\n\t\t\t\t\t<\/div>\n\t\t<\/div>\n\t\t\t\t\t\t\t<\/div>\n\t\t<\/section>\n\t\t\t\t<section class=\"elementor-section elementor-top-section elementor-element elementor-element-7916907 elementor-section-boxed elementor-section-height-default elementor-section-height-default\" data-id=\"7916907\" data-element_type=\"section\">\n\t\t\t\t\t\t<div class=\"elementor-container elementor-column-gap-default\">\n\t\t\t\t\t<div class=\"elementor-column elementor-col-100 elementor-top-column elementor-element elementor-element-31b5221\" data-id=\"31b5221\" data-element_type=\"column\">\n\t\t\t<div class=\"elementor-widget-wrap elementor-element-populated\">\n\t\t\t\t\t\t\t\t<div class=\"elementor-element elementor-element-f76bf49 elementor-widget elementor-widget-text-editor\" data-id=\"f76bf49\" data-element_type=\"widget\" data-widget_type=\"text-editor.default\">\n\t\t\t\t<div class=\"elementor-widget-container\">\n\t\t\t\t\t\t\t<p>Quasiment la moiti\u00e9 des sond\u00e9s ne font leurs courses qu\u2019une seule fois par semaine; cela peut s\u2019expliquer par la distance \u00e0 parcourir pour s\u2019approvisionner. La centralisation r\u00e9currente des points de vente alimentaire dans les villes conforte cette id\u00e9e.<\/p>\t\t\t\t\t\t<\/div>\n\t\t\t\t<\/div>\n\t\t\t\t\t<\/div>\n\t\t<\/div>\n\t\t\t\t\t\t\t<\/div>\n\t\t<\/section>\n\t\t\t\t<section class=\"elementor-section elementor-top-section elementor-element elementor-element-6c6cdb4f elementor-section-boxed elementor-section-height-default elementor-section-height-default\" data-id=\"6c6cdb4f\" data-element_type=\"section\">\n\t\t\t\t\t\t<div class=\"elementor-container elementor-column-gap-default\">\n\t\t\t\t\t<div class=\"elementor-column elementor-col-100 elementor-top-column elementor-element elementor-element-6b0785a3\" data-id=\"6b0785a3\" data-element_type=\"column\">\n\t\t\t<div class=\"elementor-widget-wrap elementor-element-populated\">\n\t\t\t\t\t\t\t\t<div class=\"elementor-element elementor-element-1bb03a37 elementor-widget elementor-widget-image\" data-id=\"1bb03a37\" data-element_type=\"widget\" data-widget_type=\"image.default\">\n\t\t\t\t<div class=\"elementor-widget-container\">\n\t\t\t\t\t\t\t\t\t\t\t\t\t\t\t<img loading=\"lazy\" decoding=\"async\" width=\"1581\" height=\"1039\" src=\"https:\/\/enquetecitoyenneavallonnais.fr\/wp-content\/uploads\/2021\/06\/14.png\" class=\"attachment-full size-full\" alt=\"\" srcset=\"https:\/\/enquetecitoyenneavallonnais.fr\/wp-content\/uploads\/2021\/06\/14.png 1581w, https:\/\/enquetecitoyenneavallonnais.fr\/wp-content\/uploads\/2021\/06\/14-300x197.png 300w, https:\/\/enquetecitoyenneavallonnais.fr\/wp-content\/uploads\/2021\/06\/14-1024x673.png 1024w, https:\/\/enquetecitoyenneavallonnais.fr\/wp-content\/uploads\/2021\/06\/14-768x505.png 768w, https:\/\/enquetecitoyenneavallonnais.fr\/wp-content\/uploads\/2021\/06\/14-1536x1009.png 1536w, https:\/\/enquetecitoyenneavallonnais.fr\/wp-content\/uploads\/2021\/06\/14-1200x789.png 1200w\" sizes=\"auto, (max-width: 1581px) 100vw, 1581px\" \/>\t\t\t\t\t\t\t\t\t\t\t\t\t\t\t<\/div>\n\t\t\t\t<\/div>\n\t\t\t\t\t<\/div>\n\t\t<\/div>\n\t\t\t\t\t\t\t<\/div>\n\t\t<\/section>\n\t\t\t\t<section class=\"elementor-section elementor-top-section elementor-element elementor-element-ee26b49 elementor-section-boxed elementor-section-height-default elementor-section-height-default\" data-id=\"ee26b49\" data-element_type=\"section\">\n\t\t\t\t\t\t<div class=\"elementor-container elementor-column-gap-default\">\n\t\t\t\t\t<div class=\"elementor-column elementor-col-100 elementor-top-column elementor-element elementor-element-d941181\" data-id=\"d941181\" data-element_type=\"column\">\n\t\t\t<div class=\"elementor-widget-wrap elementor-element-populated\">\n\t\t\t\t\t\t\t\t<div class=\"elementor-element elementor-element-abef59d elementor-widget elementor-widget-text-editor\" data-id=\"abef59d\" data-element_type=\"widget\" data-widget_type=\"text-editor.default\">\n\t\t\t\t<div class=\"elementor-widget-container\">\n\t\t\t\t\t\t\t<p>Pour faire leurs courses, les gens utilisent diff\u00e9rents lieux d\u2019approvisionnement, notamment et en majorit\u00e9, les supermarch\u00e9s, les march\u00e9s, et les magasins bios. Le choix de ces lieux r\u00e9sulte probablement d\u2019une multiplicit\u00e9 de facteurs (distance, diversit\u00e9 des produits, fr\u00e9quence etc).<\/p><p>\u00a0<\/p><p>Par ailleurs, 56 % des participants au sondage produisent ou cueillent une partie de leur nourriture. Le nuage de mots indique une forte utilisation des mots \u201cpotager, verger, cueillette et poulailler\u201d. Cette situation r\u00e9sulte probablement de la combinaison d\u2019une pratique traditionnelle en milieu rural et d\u2019une tendance \u00e0 la r\u00e9appropriation de nos moyens de production.<\/p>\t\t\t\t\t\t<\/div>\n\t\t\t\t<\/div>\n\t\t\t\t\t<\/div>\n\t\t<\/div>\n\t\t\t\t\t\t\t<\/div>\n\t\t<\/section>\n\t\t\t\t<section class=\"elementor-section elementor-top-section elementor-element elementor-element-46189e62 elementor-section-boxed elementor-section-height-default elementor-section-height-default\" data-id=\"46189e62\" data-element_type=\"section\">\n\t\t\t\t\t\t<div class=\"elementor-container elementor-column-gap-default\">\n\t\t\t\t\t<div class=\"elementor-column elementor-col-100 elementor-top-column elementor-element elementor-element-2aa5ad8c\" data-id=\"2aa5ad8c\" data-element_type=\"column\">\n\t\t\t<div class=\"elementor-widget-wrap elementor-element-populated\">\n\t\t\t\t\t\t\t\t<div class=\"elementor-element elementor-element-2901590f elementor-widget elementor-widget-image\" data-id=\"2901590f\" data-element_type=\"widget\" data-widget_type=\"image.default\">\n\t\t\t\t<div class=\"elementor-widget-container\">\n\t\t\t\t\t\t\t\t\t\t\t\t\t\t\t<img loading=\"lazy\" decoding=\"async\" width=\"1908\" height=\"1496\" src=\"https:\/\/enquetecitoyenneavallonnais.fr\/wp-content\/uploads\/2021\/06\/6-1.png\" class=\"attachment-full size-full\" alt=\"\" srcset=\"https:\/\/enquetecitoyenneavallonnais.fr\/wp-content\/uploads\/2021\/06\/6-1.png 1908w, https:\/\/enquetecitoyenneavallonnais.fr\/wp-content\/uploads\/2021\/06\/6-1-300x235.png 300w, https:\/\/enquetecitoyenneavallonnais.fr\/wp-content\/uploads\/2021\/06\/6-1-1024x803.png 1024w, https:\/\/enquetecitoyenneavallonnais.fr\/wp-content\/uploads\/2021\/06\/6-1-768x602.png 768w, https:\/\/enquetecitoyenneavallonnais.fr\/wp-content\/uploads\/2021\/06\/6-1-1536x1204.png 1536w, https:\/\/enquetecitoyenneavallonnais.fr\/wp-content\/uploads\/2021\/06\/6-1-1200x941.png 1200w\" sizes=\"auto, (max-width: 1908px) 100vw, 1908px\" \/>\t\t\t\t\t\t\t\t\t\t\t\t\t\t\t<\/div>\n\t\t\t\t<\/div>\n\t\t\t\t\t<\/div>\n\t\t<\/div>\n\t\t\t\t\t\t\t<\/div>\n\t\t<\/section>\n\t\t\t\t<section class=\"elementor-section elementor-top-section elementor-element elementor-element-f849f28 elementor-section-boxed elementor-section-height-default elementor-section-height-default\" data-id=\"f849f28\" data-element_type=\"section\">\n\t\t\t\t\t\t<div class=\"elementor-container elementor-column-gap-default\">\n\t\t\t\t\t<div class=\"elementor-column elementor-col-100 elementor-top-column elementor-element elementor-element-4fe193d\" data-id=\"4fe193d\" data-element_type=\"column\">\n\t\t\t<div class=\"elementor-widget-wrap elementor-element-populated\">\n\t\t\t\t\t\t\t\t<div class=\"elementor-element elementor-element-b4937bd elementor-widget elementor-widget-text-editor\" data-id=\"b4937bd\" data-element_type=\"widget\" data-widget_type=\"text-editor.default\">\n\t\t\t\t<div class=\"elementor-widget-container\">\n\t\t\t\t\t\t\t<p>L\u2019analyse suivante est bien entendu \u00e0 mettre en regard des changements de pratique concernant notre alimentation en cours depuis plusieurs ann\u00e9es.<\/p>\t\t\t\t\t\t<\/div>\n\t\t\t\t<\/div>\n\t\t\t\t\t<\/div>\n\t\t<\/div>\n\t\t\t\t\t\t\t<\/div>\n\t\t<\/section>\n\t\t\t\t<section class=\"elementor-section elementor-top-section elementor-element elementor-element-6ce67af8 elementor-section-boxed elementor-section-height-default elementor-section-height-default\" data-id=\"6ce67af8\" data-element_type=\"section\">\n\t\t\t\t\t\t<div class=\"elementor-container elementor-column-gap-default\">\n\t\t\t\t\t<div class=\"elementor-column elementor-col-100 elementor-top-column elementor-element elementor-element-efcf5c6\" data-id=\"efcf5c6\" data-element_type=\"column\">\n\t\t\t<div class=\"elementor-widget-wrap elementor-element-populated\">\n\t\t\t\t\t\t\t\t<div class=\"elementor-element elementor-element-446bb6a elementor-widget elementor-widget-text-editor\" data-id=\"446bb6a\" data-element_type=\"widget\" data-widget_type=\"text-editor.default\">\n\t\t\t\t<div class=\"elementor-widget-container\">\n\t\t\t\t\t\t\t<h3><b>T\u00e9moignages :<\/b><\/h3>\t\t\t\t\t\t<\/div>\n\t\t\t\t<\/div>\n\t\t\t\t<div class=\"elementor-element elementor-element-16d94392 elementor-widget elementor-widget-text-editor\" data-id=\"16d94392\" data-element_type=\"widget\" data-widget_type=\"text-editor.default\">\n\t\t\t\t<div class=\"elementor-widget-container\">\n\t\t\t\t\t\t\t<p><i>\u201cLa seule grande surface o\u00f9 je vais est le LIDL\u201d<\/i><\/p><p>\u00a0<\/p><p><i>\u201cCarburant le plus cher de france\u201d<\/i><\/p><p>\u00a0<\/p><p><i>\u201cIl n\u2019y a pas de drive, seulement du click and collect, un vrai drive serait mieux.\u201d<\/i><\/p><p>\u00a0<\/p><p><i>\u201cIl faut ouvrir un magasin de chaussures, un magasin pour loisirs cr\u00e9atifs [&#8230;]. Quel centre ville allons nous retrouver apr\u00e8s la Covid ?\u201d<\/i><\/p><p>\u00a0<\/p><p><i>\u201cOn trouve facilement tout le n\u00e9cessaire \u00e0 la vie quotidienne \u00e0 Avallon. Seuls les achats plus sp\u00e9cifiques n\u00e9cessitent l&#8217;achat en ligne\/\u00e0 Dijon.\u201d<\/i><\/p><p>\u00a0<\/p><p><i>\u201cIl faudrait des jardins collectifs\u201d<\/i><\/p>\t\t\t\t\t\t<\/div>\n\t\t\t\t<\/div>\n\t\t\t\t\t<\/div>\n\t\t<\/div>\n\t\t\t\t\t\t\t<\/div>\n\t\t<\/section>\n\t\t\t\t\t\t\t<\/div>\n\t\t","protected":false},"excerpt":{"rendered":"<p>A \u2013 Qui a r\u00e9pondu \u00e0 l\u2019enqu\u00eate B \u2013 Le ressenti global C \u2013 Les transports D \u2013 Courses et alimentation E \u2013 Logement F \u2013 \u00c9ducation G \u2013 T\u00e9l\u00e9phonie et Internet H \u2013 Loisirs I \u2013 Nature J \u2013 Sant\u00e9 K \u2013 \u00c9lections D &#8211; Courses et alimentation Le moyen de transport le plus [&hellip;]<\/p>\n","protected":false},"author":1,"featured_media":0,"parent":12,"menu_order":0,"comment_status":"closed","ping_status":"closed","template":"","meta":{"footnotes":""},"class_list":["post-50","page","type-page","status-publish","hentry"],"_links":{"self":[{"href":"https:\/\/enquetecitoyenneavallonnais.fr\/index.php\/wp-json\/wp\/v2\/pages\/50","targetHints":{"allow":["GET"]}}],"collection":[{"href":"https:\/\/enquetecitoyenneavallonnais.fr\/index.php\/wp-json\/wp\/v2\/pages"}],"about":[{"href":"https:\/\/enquetecitoyenneavallonnais.fr\/index.php\/wp-json\/wp\/v2\/types\/page"}],"author":[{"embeddable":true,"href":"https:\/\/enquetecitoyenneavallonnais.fr\/index.php\/wp-json\/wp\/v2\/users\/1"}],"replies":[{"embeddable":true,"href":"https:\/\/enquetecitoyenneavallonnais.fr\/index.php\/wp-json\/wp\/v2\/comments?post=50"}],"version-history":[{"count":22,"href":"https:\/\/enquetecitoyenneavallonnais.fr\/index.php\/wp-json\/wp\/v2\/pages\/50\/revisions"}],"predecessor-version":[{"id":462,"href":"https:\/\/enquetecitoyenneavallonnais.fr\/index.php\/wp-json\/wp\/v2\/pages\/50\/revisions\/462"}],"up":[{"embeddable":true,"href":"https:\/\/enquetecitoyenneavallonnais.fr\/index.php\/wp-json\/wp\/v2\/pages\/12"}],"wp:attachment":[{"href":"https:\/\/enquetecitoyenneavallonnais.fr\/index.php\/wp-json\/wp\/v2\/media?parent=50"}],"curies":[{"name":"wp","href":"https:\/\/api.w.org\/{rel}","templated":true}]}}