{"id":494,"date":"2022-09-10T18:35:43","date_gmt":"2022-09-10T16:35:43","guid":{"rendered":"http:\/\/enquetecitoyenneavallonnais.fr\/?page_id=494"},"modified":"2023-06-27T17:25:01","modified_gmt":"2023-06-27T15:25:01","slug":"focus-sur-les-transports","status":"publish","type":"page","link":"https:\/\/enquetecitoyenneavallonnais.fr\/index.php\/focus-sur-les-transports\/","title":{"rendered":"FOCUS SUR&#8230; Les transports"},"content":{"rendered":"\t\t<div data-elementor-type=\"wp-page\" data-elementor-id=\"494\" class=\"elementor elementor-494\">\n\t\t\t\t\t\t\t\t\t<section class=\"elementor-section elementor-top-section elementor-element elementor-element-25f911a elementor-section-boxed elementor-section-height-default elementor-section-height-default\" data-id=\"25f911a\" data-element_type=\"section\">\n\t\t\t\t\t\t<div class=\"elementor-container elementor-column-gap-default\">\n\t\t\t\t\t<div class=\"elementor-column elementor-col-100 elementor-top-column elementor-element elementor-element-83fb5ba\" data-id=\"83fb5ba\" data-element_type=\"column\">\n\t\t\t<div class=\"elementor-widget-wrap elementor-element-populated\">\n\t\t\t\t\t\t\t\t<section class=\"elementor-section elementor-inner-section elementor-element elementor-element-356e2bf elementor-section-boxed elementor-section-height-default elementor-section-height-default\" data-id=\"356e2bf\" data-element_type=\"section\">\n\t\t\t\t\t\t<div class=\"elementor-container elementor-column-gap-default\">\n\t\t\t\t\t<div class=\"elementor-column elementor-col-50 elementor-inner-column elementor-element elementor-element-91408f1\" data-id=\"91408f1\" data-element_type=\"column\">\n\t\t\t<div class=\"elementor-widget-wrap elementor-element-populated\">\n\t\t\t\t\t\t\t\t<div class=\"elementor-element elementor-element-79cbfd0 elementor-widget elementor-widget-text-editor\" data-id=\"79cbfd0\" data-element_type=\"widget\" data-widget_type=\"text-editor.default\">\n\t\t\t\t<div class=\"elementor-widget-container\">\n\t\t\t\t\t\t\t<h1><strong>F\u00caTE DE LA GARE<\/strong><\/h1><p><span style=\"font-weight: 400;\">Nous \u00e9tions 200 samedi 8 octobre 2022 sur le parvis de la gare d\u2019Avallon, sous le soleil et en musique !<\/span><\/p><p>Une belle occasion d\u2019\u00e9changer autour d\u2019un caf\u00e9, d\u2019un pique-nique et de partager nos exp\u00e9riences, inqui\u00e9tudes et attentes autour de la desserte en trains et plus largement des difficult\u00e9s de mobilit\u00e9 sur notre territoire.<\/p><p>Michel Neugnot, Vice-Pr\u00e9sident en charge des transports nous a rendu visite, signe que notre mobilisation festive n\u2019est pas pass\u00e9e inaper\u00e7ue !<\/p><p>Les nombreux dysfonctionnements de la ligne, pourtant clairement identifi\u00e9s et exprim\u00e9s par les participant.es n&#8217;ont \u00e9t\u00e9 reconnus qu&#8217;\u00e0 la fin d&#8217;un \u00e9change tendu de plus d&#8217;une heure.<\/p><p><span style=\"font-weight: 400;\">Abonnez-vous au groupe &#8220;Usagers de la ligne de TER Avallon-Paris&#8221; <\/span><span style=\"font-weight: 400;\">sur Facebook pour continuer \u00e0 documenter la situation en partageant vos exp\u00e9riences :<\/span><\/p>\t\t\t\t\t\t<\/div>\n\t\t\t\t<\/div>\n\t\t\t\t<div class=\"elementor-element elementor-element-cf8da8f elementor-align-center elementor-widget elementor-widget-button\" data-id=\"cf8da8f\" data-element_type=\"widget\" data-widget_type=\"button.default\">\n\t\t\t\t<div class=\"elementor-widget-container\">\n\t\t\t\t\t<div class=\"elementor-button-wrapper\">\n\t\t\t<a href=\"\" class=\"elementor-button-link elementor-button elementor-size-sm\" role=\"button\">\n\t\t\t\t\t\t<span class=\"elementor-button-content-wrapper\">\n\t\t\t\t\t\t<span class=\"elementor-button-text\">JE T'\u00c9MOIGNE !<\/span>\n\t\t<\/span>\n\t\t\t\t\t<\/a>\n\t\t<\/div>\n\t\t\t\t<\/div>\n\t\t\t\t<\/div>\n\t\t\t\t\t<\/div>\n\t\t<\/div>\n\t\t\t\t<div class=\"elementor-column elementor-col-50 elementor-inner-column elementor-element elementor-element-35a5392\" data-id=\"35a5392\" data-element_type=\"column\">\n\t\t\t<div class=\"elementor-widget-wrap elementor-element-populated\">\n\t\t\t\t\t\t\t\t<div class=\"elementor-element elementor-element-7ae6a1b elementor-widget elementor-widget-image\" data-id=\"7ae6a1b\" data-element_type=\"widget\" data-widget_type=\"image.default\">\n\t\t\t\t<div class=\"elementor-widget-container\">\n\t\t\t\t\t\t\t\t\t\t\t\t\t\t\t<img loading=\"lazy\" decoding=\"async\" width=\"580\" height=\"435\" src=\"https:\/\/enquetecitoyenneavallonnais.fr\/wp-content\/uploads\/2023\/06\/9052694C-9E0D-488E-8B8C-A25CCA73C293-1024x768.jpeg\" class=\"attachment-large size-large\" alt=\"\" srcset=\"https:\/\/enquetecitoyenneavallonnais.fr\/wp-content\/uploads\/2023\/06\/9052694C-9E0D-488E-8B8C-A25CCA73C293-1024x768.jpeg 1024w, https:\/\/enquetecitoyenneavallonnais.fr\/wp-content\/uploads\/2023\/06\/9052694C-9E0D-488E-8B8C-A25CCA73C293-300x225.jpeg 300w, https:\/\/enquetecitoyenneavallonnais.fr\/wp-content\/uploads\/2023\/06\/9052694C-9E0D-488E-8B8C-A25CCA73C293-768x576.jpeg 768w, https:\/\/enquetecitoyenneavallonnais.fr\/wp-content\/uploads\/2023\/06\/9052694C-9E0D-488E-8B8C-A25CCA73C293-1536x1152.jpeg 1536w, https:\/\/enquetecitoyenneavallonnais.fr\/wp-content\/uploads\/2023\/06\/9052694C-9E0D-488E-8B8C-A25CCA73C293-1200x900.jpeg 1200w, https:\/\/enquetecitoyenneavallonnais.fr\/wp-content\/uploads\/2023\/06\/9052694C-9E0D-488E-8B8C-A25CCA73C293-1980x1485.jpeg 1980w\" sizes=\"auto, (max-width: 580px) 100vw, 580px\" \/>\t\t\t\t\t\t\t\t\t\t\t\t\t\t\t<\/div>\n\t\t\t\t<\/div>\n\t\t\t\t\t<\/div>\n\t\t<\/div>\n\t\t\t\t\t\t\t<\/div>\n\t\t<\/section>\n\t\t\t\t<div class=\"elementor-element elementor-element-32611d3 elementor-widget-divider--separator-type-pattern elementor-widget-divider--bg-round elementor-widget-divider--view-line elementor-widget elementor-widget-divider\" data-id=\"32611d3\" data-element_type=\"widget\" data-widget_type=\"divider.default\">\n\t\t\t\t<div class=\"elementor-widget-container\">\n\t\t\t\t\t<div class=\"elementor-divider\" style=\"--divider-pattern-url: url(&quot;data:image\/svg+xml,%3Csvg xmlns=&#039;http:\/\/www.w3.org\/2000\/svg&#039; preserveAspectRatio=&#039;none&#039; overflow=&#039;visible&#039; height=&#039;100%&#039; viewBox=&#039;0 0 60 30&#039; fill=&#039;black&#039; stroke=&#039;none&#039;%3E%3Crect x=&#039;15&#039; y=&#039;0&#039; width=&#039;30&#039; height=&#039;30&#039;\/%3E%3C\/svg%3E&quot;);\">\n\t\t\t<span class=\"elementor-divider-separator\">\n\t\t\t\t\t\t<\/span>\n\t\t<\/div>\n\t\t\t\t<\/div>\n\t\t\t\t<\/div>\n\t\t\t\t<div class=\"elementor-element elementor-element-8816199 elementor-widget elementor-widget-text-editor\" data-id=\"8816199\" data-element_type=\"widget\" data-widget_type=\"text-editor.default\">\n\t\t\t\t<div class=\"elementor-widget-container\">\n\t\t\t\t\t\t\t<h1><strong>FOCUS SUR LES TRANSPORTS<\/strong><\/h1><p><span id=\"page3R_mcid6\" class=\"markedContent\"><span dir=\"ltr\" role=\"presentation\">L\u2019enqu\u00eate citoyenne que nous avons r\u00e9alis\u00e9e au printemps 2021, dans l\u2019objectif de mieux conna\u00eetre<\/span> <span dir=\"ltr\" role=\"presentation\">notre territoire et ses habitants a r\u00e9v\u00e9l\u00e9 de fortes attentes en mati\u00e8re de transports. Dans un second temps, <span id=\"page3R_mcid10\" class=\"markedContent\">nous avons d\u00e9cid\u00e9 d\u2019organiser un appel \u00e0 t\u00e9moignages pour mieux comprendre ces attentes et les besoins exprim\u00e9s, partager des ressentis. Il ne s\u2019agit pas d\u2019un sondage, il ne se veut pas repr\u00e9sentatif de la population locale ni exhaustif.<\/span><span id=\"page3R_mcid11\" class=\"markedContent\"><\/span><span id=\"page3R_mcid12\" class=\"markedContent\"> Nous avons collect\u00e9 pr\u00e8s de 150 t\u00e9moignages au travers d\u2019un formulaire en ligne et d\u2019entretiens r\u00e9alis\u00e9s directement dans les rues, vous nous avez peut-\u00eatre crois\u00e9s en allant faire vos courses !<\/span><span id=\"page3R_mcid13\" class=\"markedContent\"><\/span><span id=\"page3R_mcid14\" class=\"markedContent\"><br role=\"presentation\" \/><\/span><br \/><\/span><\/span><\/p><p><strong><span id=\"page3R_mcid6\" class=\"markedContent\"><span dir=\"ltr\" role=\"presentation\"><span id=\"page3R_mcid14\" class=\"markedContent\">Les t\u00e9moignages recueillis montrent une forte demande d\u2019am\u00e9lioration de la fr\u00e9quence des transports en commun et de la fiabilit\u00e9 des trains, mais ils nous ont \u00e9galement permis de noter que les services disponibles, notamment mis en place par la communaut\u00e9 de communes, sont tr\u00e8s mal connus.<\/span><\/span><\/span><br \/><\/strong><\/p>\t\t\t\t\t\t<\/div>\n\t\t\t\t<\/div>\n\t\t\t\t<div class=\"elementor-element elementor-element-61665ea elementor-align-center elementor-widget elementor-widget-button\" data-id=\"61665ea\" data-element_type=\"widget\" data-widget_type=\"button.default\">\n\t\t\t\t<div class=\"elementor-widget-container\">\n\t\t\t\t\t<div class=\"elementor-button-wrapper\">\n\t\t\t<a href=\"http:\/\/enquetecitoyenneavallonnais.fr\/wp-content\/uploads\/2022\/09\/syntheese_appel_a_temoignage_version_23_08.pdf\" target=\"_blank\" class=\"elementor-button-link elementor-button elementor-size-md\" role=\"button\">\n\t\t\t\t\t\t<span class=\"elementor-button-content-wrapper\">\n\t\t\t\t\t\t<span class=\"elementor-button-text\">ACC\u00c9DEZ \u00c0 LA SYNTH\u00c8SE DE ce focus<\/span>\n\t\t<\/span>\n\t\t\t\t\t<\/a>\n\t\t<\/div>\n\t\t\t\t<\/div>\n\t\t\t\t<\/div>\n\t\t\t\t\t<\/div>\n\t\t<\/div>\n\t\t\t\t\t\t\t<\/div>\n\t\t<\/section>\n\t\t\t\t<section class=\"elementor-section elementor-top-section elementor-element elementor-element-cc2cef3 elementor-section-boxed elementor-section-height-default elementor-section-height-default\" data-id=\"cc2cef3\" data-element_type=\"section\">\n\t\t\t\t\t\t<div class=\"elementor-container elementor-column-gap-default\">\n\t\t\t\t\t<div class=\"elementor-column elementor-col-100 elementor-top-column elementor-element elementor-element-9485467\" data-id=\"9485467\" data-element_type=\"column\">\n\t\t\t<div class=\"elementor-widget-wrap elementor-element-populated\">\n\t\t\t\t\t\t\t\t<div class=\"elementor-element elementor-element-a47cf3f elementor-widget elementor-widget-spacer\" data-id=\"a47cf3f\" data-element_type=\"widget\" data-widget_type=\"spacer.default\">\n\t\t\t\t<div class=\"elementor-widget-container\">\n\t\t\t\t\t<div class=\"elementor-spacer\">\n\t\t\t<div class=\"elementor-spacer-inner\"><\/div>\n\t\t<\/div>\n\t\t\t\t<\/div>\n\t\t\t\t<\/div>\n\t\t\t\t\t<\/div>\n\t\t<\/div>\n\t\t\t\t\t\t\t<\/div>\n\t\t<\/section>\n\t\t\t\t\t\t\t<\/div>\n\t\t","protected":false},"excerpt":{"rendered":"<p>F\u00caTE DE LA GARE Nous \u00e9tions 200 samedi 8 octobre 2022 sur le parvis de la gare d\u2019Avallon, sous le soleil et en musique ! Une belle occasion d\u2019\u00e9changer autour d\u2019un caf\u00e9, d\u2019un pique-nique et de partager nos exp\u00e9riences, inqui\u00e9tudes et attentes autour de la desserte en trains et plus largement des difficult\u00e9s de mobilit\u00e9 [&hellip;]<\/p>\n","protected":false},"author":1,"featured_media":0,"parent":0,"menu_order":0,"comment_status":"closed","ping_status":"closed","template":"","meta":{"footnotes":""},"class_list":["post-494","page","type-page","status-publish","hentry"],"_links":{"self":[{"href":"https:\/\/enquetecitoyenneavallonnais.fr\/index.php\/wp-json\/wp\/v2\/pages\/494","targetHints":{"allow":["GET"]}}],"collection":[{"href":"https:\/\/enquetecitoyenneavallonnais.fr\/index.php\/wp-json\/wp\/v2\/pages"}],"about":[{"href":"https:\/\/enquetecitoyenneavallonnais.fr\/index.php\/wp-json\/wp\/v2\/types\/page"}],"author":[{"embeddable":true,"href":"https:\/\/enquetecitoyenneavallonnais.fr\/index.php\/wp-json\/wp\/v2\/users\/1"}],"replies":[{"embeddable":true,"href":"https:\/\/enquetecitoyenneavallonnais.fr\/index.php\/wp-json\/wp\/v2\/comments?post=494"}],"version-history":[{"count":40,"href":"https:\/\/enquetecitoyenneavallonnais.fr\/index.php\/wp-json\/wp\/v2\/pages\/494\/revisions"}],"predecessor-version":[{"id":587,"href":"https:\/\/enquetecitoyenneavallonnais.fr\/index.php\/wp-json\/wp\/v2\/pages\/494\/revisions\/587"}],"wp:attachment":[{"href":"https:\/\/enquetecitoyenneavallonnais.fr\/index.php\/wp-json\/wp\/v2\/media?parent=494"}],"curies":[{"name":"wp","href":"https:\/\/api.w.org\/{rel}","templated":true}]}}